{"id":189379,"date":"2025-03-14T08:50:34","date_gmt":"2025-03-14T07:50:42","guid":{"rendered":"https:\/\/www.laperlavalles.cat\/product\/sabo-de-mantega-de-cacau-ever-sheen-200-g\/"},"modified":"2026-03-12T12:23:23","modified_gmt":"2026-03-12T11:23:23","slug":"sabo-de-mantega-de-cacau-ever-sheen-200-g","status":"publish","type":"product","link":"https:\/\/www.laperlavalles.cat\/ca\/producte\/sabo-de-mantega-de-cacau-ever-sheen-200-g\/","title":{"rendered":"SAB\u00d3 DE MANTEGA DE CACAU EVER SHEEN 200 G"},"content":{"rendered":"<p>El sab\u00f3 Ever Sheen Cocoa Butter de 200 g \u00e9s un producte de neteja corporal enriquit amb mantega de cacau natural, vitamines i minerals. La seva f\u00f3rmula especial proporciona una neteja suau per\u00f2 efectiva, ajudant a hidratar, nodrir i suavitzar la pell. \u00c9s ideal per a l&#8217;\u00fas diari, deixant la pell neta, fresca i amb una brillantor saludable. A m\u00e9s, ajuda a mantenir la pell flexible i protegida contra la sequedat.<\/p>\n","protected":false},"excerpt":{"rendered":"<p>El sab\u00f3 Ever Sheen Cocoa Butter de 200 g \u00e9s un producte de neteja corporal enriquit amb mantega de cacau natural, vitamines i minerals. La seva<span class=\"excerpt-hellip\"> [\u2026]<\/span><\/p>\n","protected":false},"featured_media":189371,"comment_status":"open","ping_status":"closed","template":"","meta":[],"product_cat":[8423,8522],"product_tag":[],"_links":{"self":[{"href":"https:\/\/www.laperlavalles.cat\/ca\/wp-json\/wp\/v2\/product\/189379"}],"collection":[{"href":"https:\/\/www.laperlavalles.cat\/ca\/wp-json\/wp\/v2\/product"}],"about":[{"href":"https:\/\/www.laperlavalles.cat\/ca\/wp-json\/wp\/v2\/types\/product"}],"replies":[{"embeddable":true,"href":"https:\/\/www.laperlavalles.cat\/ca\/wp-json\/wp\/v2\/comments?post=189379"}],"wp:featuredmedia":[{"embeddable":true,"href":"https:\/\/www.laperlavalles.cat\/ca\/wp-json\/wp\/v2\/media\/189371"}],"wp:attachment":[{"href":"https:\/\/www.laperlavalles.cat\/ca\/wp-json\/wp\/v2\/media?parent=189379"}],"wp:term":[{"taxonomy":"product_cat","embeddable":true,"href":"https:\/\/www.laperlavalles.cat\/ca\/wp-json\/wp\/v2\/product_cat?post=189379"},{"taxonomy":"product_tag","embeddable":true,"href":"https:\/\/www.laperlavalles.cat\/ca\/wp-json\/wp\/v2\/product_tag?post=189379"}],"curies":[{"name":"wp","href":"https:\/\/api.w.org\/{rel}","templated":true}]}}