{"id":189399,"date":"2025-03-14T09:00:34","date_gmt":"2025-03-14T08:00:42","guid":{"rendered":"https:\/\/www.laperlavalles.cat\/product\/crema-de-mantega-de-cacau-ever-sheen-250-ml-2\/"},"modified":"2025-03-14T09:09:29","modified_gmt":"2025-03-14T08:09:29","slug":"crema-de-mantega-de-cacau-ever-sheen-250-ml-2","status":"publish","type":"product","link":"https:\/\/www.laperlavalles.cat\/ca\/producte\/crema-de-mantega-de-cacau-ever-sheen-250-ml-2\/","title":{"rendered":"CREMA DE MANTEGA DE CACAU EVER SHEEN 250 ML"},"content":{"rendered":"<p>La loci\u00f3 Ever Sheen Hand &amp; Body de 500 ml \u00e9s un hidratant corporal enriquit amb mantega de cacau natural i vitamina E, ideal per nodrir i suavitzar la pell. La seva f\u00f3rmula lleugera i no greixosa s&#8217;absorbeix r\u00e0pidament, proporcionant una hidrataci\u00f3 profunda que millora l&#8217;elasticitat i la textura de la pell, deixant-la suau i amb un aspecte saludable. \u00c9s adequada per a tot tipus de pell i el seu \u00fas diari ajuda a protegir contra la sequedat i a mantenir una aparen\u00e7a jove i radiant.<\/p>\n","protected":false},"excerpt":{"rendered":"<p>La loci\u00f3 Ever Sheen Hand &amp; Body de 500 ml \u00e9s un hidratant corporal enriquit amb mantega de cacau natural i vitamina E, ideal per nodrir<span class=\"excerpt-hellip\"> [\u2026]<\/span><\/p>\n","protected":false},"featured_media":189391,"comment_status":"open","ping_status":"closed","template":"","meta":[],"product_cat":[8423,8522],"product_tag":[],"_links":{"self":[{"href":"https:\/\/www.laperlavalles.cat\/ca\/wp-json\/wp\/v2\/product\/189399"}],"collection":[{"href":"https:\/\/www.laperlavalles.cat\/ca\/wp-json\/wp\/v2\/product"}],"about":[{"href":"https:\/\/www.laperlavalles.cat\/ca\/wp-json\/wp\/v2\/types\/product"}],"replies":[{"embeddable":true,"href":"https:\/\/www.laperlavalles.cat\/ca\/wp-json\/wp\/v2\/comments?post=189399"}],"wp:featuredmedia":[{"embeddable":true,"href":"https:\/\/www.laperlavalles.cat\/ca\/wp-json\/wp\/v2\/media\/189391"}],"wp:attachment":[{"href":"https:\/\/www.laperlavalles.cat\/ca\/wp-json\/wp\/v2\/media?parent=189399"}],"wp:term":[{"taxonomy":"product_cat","embeddable":true,"href":"https:\/\/www.laperlavalles.cat\/ca\/wp-json\/wp\/v2\/product_cat?post=189399"},{"taxonomy":"product_tag","embeddable":true,"href":"https:\/\/www.laperlavalles.cat\/ca\/wp-json\/wp\/v2\/product_tag?post=189399"}],"curies":[{"name":"wp","href":"https:\/\/api.w.org\/{rel}","templated":true}]}}