{"id":189419,"date":"2025-03-14T09:01:43","date_gmt":"2025-03-14T08:01:50","guid":{"rendered":"https:\/\/www.laperlavalles.cat\/product\/rubee-indian-hemp-16-oz\/"},"modified":"2025-03-14T09:17:09","modified_gmt":"2025-03-14T08:17:09","slug":"rubee-indian-hemp-16-oz","status":"publish","type":"product","link":"https:\/\/www.laperlavalles.cat\/ca\/producte\/rubee-indian-hemp-16-oz\/","title":{"rendered":"RUBEE INDIAN HEMP 16 OZ"},"content":{"rendered":"<p>Rubee Indian Hemp de 16 oz \u00e9s un tractament per al cabell i el cuir cabellut que protegeix contra la sequedat i els danys causats per l&#8217;\u00fas d&#8217;eines de calor. Les herbes naturals presents en la seva f\u00f3rmula nodreixen el cabell, restaurant la suavitat en cabells secs i sense brillantor. <\/p>\n","protected":false},"excerpt":{"rendered":"<p>Rubee Indian Hemp de 16 oz \u00e9s un tractament per al cabell i el cuir cabellut que protegeix contra la sequedat i els danys causats per<span class=\"excerpt-hellip\"> [\u2026]<\/span><\/p>\n","protected":false},"featured_media":189411,"comment_status":"open","ping_status":"closed","template":"","meta":[],"product_cat":[8423,24329],"product_tag":[],"_links":{"self":[{"href":"https:\/\/www.laperlavalles.cat\/ca\/wp-json\/wp\/v2\/product\/189419"}],"collection":[{"href":"https:\/\/www.laperlavalles.cat\/ca\/wp-json\/wp\/v2\/product"}],"about":[{"href":"https:\/\/www.laperlavalles.cat\/ca\/wp-json\/wp\/v2\/types\/product"}],"replies":[{"embeddable":true,"href":"https:\/\/www.laperlavalles.cat\/ca\/wp-json\/wp\/v2\/comments?post=189419"}],"wp:featuredmedia":[{"embeddable":true,"href":"https:\/\/www.laperlavalles.cat\/ca\/wp-json\/wp\/v2\/media\/189411"}],"wp:attachment":[{"href":"https:\/\/www.laperlavalles.cat\/ca\/wp-json\/wp\/v2\/media?parent=189419"}],"wp:term":[{"taxonomy":"product_cat","embeddable":true,"href":"https:\/\/www.laperlavalles.cat\/ca\/wp-json\/wp\/v2\/product_cat?post=189419"},{"taxonomy":"product_tag","embeddable":true,"href":"https:\/\/www.laperlavalles.cat\/ca\/wp-json\/wp\/v2\/product_tag?post=189419"}],"curies":[{"name":"wp","href":"https:\/\/api.w.org\/{rel}","templated":true}]}}