{"id":189439,"date":"2025-03-14T09:03:24","date_gmt":"2025-03-14T08:03:31","guid":{"rendered":"https:\/\/www.laperlavalles.cat\/product\/mantega-corporal-i-spa-rubee-85-oz\/"},"modified":"2025-03-14T09:18:42","modified_gmt":"2025-03-14T08:18:42","slug":"mantega-corporal-i-spa-rubee-85-oz","status":"publish","type":"product","link":"https:\/\/www.laperlavalles.cat\/ca\/producte\/mantega-corporal-i-spa-rubee-85-oz\/","title":{"rendered":"MANTEGA CORPORAL I SPA RUBEE 8,5 OZ"},"content":{"rendered":"<p>La MANTEGA CORPORAL I SPA RUBEE de 8,5 oz \u00e9s una crema intensament nutritiva, formulada per hidratar profundament i suavitzar la pell seca. Enriquida amb mantega de cacau i olis naturals, ajuda a mantenir la pell flexible i protegida contra la sequedat. Ideal per a l&#8217;\u00fas diari, deixa una sensaci\u00f3 sedosa i una frag\u00e0ncia suau que perdura durant tot el dia.<\/p>\n","protected":false},"excerpt":{"rendered":"<p>La MANTEGA CORPORAL I SPA RUBEE de 8,5 oz \u00e9s una crema intensament nutritiva, formulada per hidratar profundament i suavitzar la pell seca. Enriquida amb mantega<span class=\"excerpt-hellip\"> [\u2026]<\/span><\/p>\n","protected":false},"featured_media":189431,"comment_status":"open","ping_status":"closed","template":"","meta":[],"product_cat":[8423,8522],"product_tag":[],"_links":{"self":[{"href":"https:\/\/www.laperlavalles.cat\/ca\/wp-json\/wp\/v2\/product\/189439"}],"collection":[{"href":"https:\/\/www.laperlavalles.cat\/ca\/wp-json\/wp\/v2\/product"}],"about":[{"href":"https:\/\/www.laperlavalles.cat\/ca\/wp-json\/wp\/v2\/types\/product"}],"replies":[{"embeddable":true,"href":"https:\/\/www.laperlavalles.cat\/ca\/wp-json\/wp\/v2\/comments?post=189439"}],"wp:featuredmedia":[{"embeddable":true,"href":"https:\/\/www.laperlavalles.cat\/ca\/wp-json\/wp\/v2\/media\/189431"}],"wp:attachment":[{"href":"https:\/\/www.laperlavalles.cat\/ca\/wp-json\/wp\/v2\/media?parent=189439"}],"wp:term":[{"taxonomy":"product_cat","embeddable":true,"href":"https:\/\/www.laperlavalles.cat\/ca\/wp-json\/wp\/v2\/product_cat?post=189439"},{"taxonomy":"product_tag","embeddable":true,"href":"https:\/\/www.laperlavalles.cat\/ca\/wp-json\/wp\/v2\/product_tag?post=189439"}],"curies":[{"name":"wp","href":"https:\/\/api.w.org\/{rel}","templated":true}]}}