{"id":189479,"date":"2025-03-14T09:10:37","date_gmt":"2025-03-14T08:10:45","guid":{"rendered":"https:\/\/www.laperlavalles.cat\/product\/locio-de-mantega-de-cacau-rinju-16-oz\/"},"modified":"2025-03-14T09:25:51","modified_gmt":"2025-03-14T08:25:51","slug":"locio-de-mantega-de-cacau-rinju-16-oz","status":"publish","type":"product","link":"https:\/\/www.laperlavalles.cat\/ca\/producte\/locio-de-mantega-de-cacau-rinju-16-oz\/","title":{"rendered":"LOCI\u00d3 DE MANTEGA DE CACAU RINJU 16 OZ"},"content":{"rendered":"<p>La LOCI\u00d3 DE MANTEGA DE CACAU RINJU de 16 oz hidrata intensament la pell, ajudant a suavitzar i restaurar la seva elasticitat natural. Formulada amb mantega de cacau, proporciona una nutrici\u00f3 profunda i protegeix contra la sequedat. Ideal per a l&#8217;\u00fas diari, deixa la pell suau, lluminosa i amb una agradable frag\u00e0ncia.<\/p>\n","protected":false},"excerpt":{"rendered":"<p>La LOCI\u00d3 DE MANTEGA DE CACAU RINJU de 16 oz hidrata intensament la pell, ajudant a suavitzar i restaurar la seva elasticitat natural. Formulada amb mantega<span class=\"excerpt-hellip\"> [\u2026]<\/span><\/p>\n","protected":false},"featured_media":189471,"comment_status":"open","ping_status":"closed","template":"","meta":[],"product_cat":[8423,8522],"product_tag":[],"_links":{"self":[{"href":"https:\/\/www.laperlavalles.cat\/ca\/wp-json\/wp\/v2\/product\/189479"}],"collection":[{"href":"https:\/\/www.laperlavalles.cat\/ca\/wp-json\/wp\/v2\/product"}],"about":[{"href":"https:\/\/www.laperlavalles.cat\/ca\/wp-json\/wp\/v2\/types\/product"}],"replies":[{"embeddable":true,"href":"https:\/\/www.laperlavalles.cat\/ca\/wp-json\/wp\/v2\/comments?post=189479"}],"wp:featuredmedia":[{"embeddable":true,"href":"https:\/\/www.laperlavalles.cat\/ca\/wp-json\/wp\/v2\/media\/189471"}],"wp:attachment":[{"href":"https:\/\/www.laperlavalles.cat\/ca\/wp-json\/wp\/v2\/media?parent=189479"}],"wp:term":[{"taxonomy":"product_cat","embeddable":true,"href":"https:\/\/www.laperlavalles.cat\/ca\/wp-json\/wp\/v2\/product_cat?post=189479"},{"taxonomy":"product_tag","embeddable":true,"href":"https:\/\/www.laperlavalles.cat\/ca\/wp-json\/wp\/v2\/product_tag?post=189479"}],"curies":[{"name":"wp","href":"https:\/\/api.w.org\/{rel}","templated":true}]}}