{"id":189519,"date":"2025-03-14T09:13:55","date_gmt":"2025-03-14T08:14:02","guid":{"rendered":"https:\/\/www.laperlavalles.cat\/product\/locio-de-mans-i-cos-rinju-16-oz\/"},"modified":"2025-03-14T09:29:06","modified_gmt":"2025-03-14T08:29:06","slug":"locio-de-mans-i-cos-rinju-16-oz","status":"publish","type":"product","link":"https:\/\/www.laperlavalles.cat\/ca\/producte\/locio-de-mans-i-cos-rinju-16-oz\/","title":{"rendered":"LOCI\u00d3 DE MANS I COS RINJU 16 OZ"},"content":{"rendered":"<p>La LOCI\u00d3 DE MANS I COS RINJU de 16 oz proporciona una hidrataci\u00f3 profunda i duradora per a tot tipus de pell. Formulada amb ingredients nutritius, ajuda a suavitzar i protegir la pell seca, deixant-la suau, flexible i amb una agradable sensaci\u00f3 de frescor. Ideal per a l&#8217;\u00fas diari despr\u00e9s de la dutxa o quan la pell necessita un extra d&#8217;hidrataci\u00f3.<\/p>\n","protected":false},"excerpt":{"rendered":"<p>La LOCI\u00d3 DE MANS I COS RINJU de 16 oz proporciona una hidrataci\u00f3 profunda i duradora per a tot tipus de pell. Formulada amb ingredients nutritius,<span class=\"excerpt-hellip\"> [\u2026]<\/span><\/p>\n","protected":false},"featured_media":189511,"comment_status":"open","ping_status":"closed","template":"","meta":[],"product_cat":[8423,8522],"product_tag":[],"_links":{"self":[{"href":"https:\/\/www.laperlavalles.cat\/ca\/wp-json\/wp\/v2\/product\/189519"}],"collection":[{"href":"https:\/\/www.laperlavalles.cat\/ca\/wp-json\/wp\/v2\/product"}],"about":[{"href":"https:\/\/www.laperlavalles.cat\/ca\/wp-json\/wp\/v2\/types\/product"}],"replies":[{"embeddable":true,"href":"https:\/\/www.laperlavalles.cat\/ca\/wp-json\/wp\/v2\/comments?post=189519"}],"wp:featuredmedia":[{"embeddable":true,"href":"https:\/\/www.laperlavalles.cat\/ca\/wp-json\/wp\/v2\/media\/189511"}],"wp:attachment":[{"href":"https:\/\/www.laperlavalles.cat\/ca\/wp-json\/wp\/v2\/media?parent=189519"}],"wp:term":[{"taxonomy":"product_cat","embeddable":true,"href":"https:\/\/www.laperlavalles.cat\/ca\/wp-json\/wp\/v2\/product_cat?post=189519"},{"taxonomy":"product_tag","embeddable":true,"href":"https:\/\/www.laperlavalles.cat\/ca\/wp-json\/wp\/v2\/product_tag?post=189519"}],"curies":[{"name":"wp","href":"https:\/\/api.w.org\/{rel}","templated":true}]}}