{"id":189559,"date":"2025-03-14T09:21:43","date_gmt":"2025-03-14T08:21:50","guid":{"rendered":"https:\/\/www.laperlavalles.cat\/product\/locio-de-mans-i-cos-latouche-16-oz\/"},"modified":"2025-03-14T09:30:41","modified_gmt":"2025-03-14T08:30:41","slug":"locio-de-mans-i-cos-latouche-16-oz","status":"publish","type":"product","link":"https:\/\/www.laperlavalles.cat\/ca\/producte\/locio-de-mans-i-cos-latouche-16-oz\/","title":{"rendered":"LOCI\u00d3 DE MANS I COS LATOUCHE 16 OZ"},"content":{"rendered":"<p>La LOCI\u00d3 DE MANS I COS LATOUCHE de 16 oz est\u00e0 formulada per oferir una hidrataci\u00f3 profunda i duradora, ajudant a mantenir la pell suau i flexible. Ideal per a tot tipus de pell, la seva textura lleugera s&#8217;absorbeix f\u00e0cilment, deixant una sensaci\u00f3 fresca i agradable. Perfecta per a l&#8217;\u00fas diari, aporta nutrici\u00f3 i protegeix contra la sequedat.<\/p>\n","protected":false},"excerpt":{"rendered":"<p>La LOCI\u00d3 DE MANS I COS LATOUCHE de 16 oz est\u00e0 formulada per oferir una hidrataci\u00f3 profunda i duradora, ajudant a mantenir la pell suau i<span class=\"excerpt-hellip\"> [\u2026]<\/span><\/p>\n","protected":false},"featured_media":189551,"comment_status":"open","ping_status":"closed","template":"","meta":[],"product_cat":[8423,8522],"product_tag":[],"_links":{"self":[{"href":"https:\/\/www.laperlavalles.cat\/ca\/wp-json\/wp\/v2\/product\/189559"}],"collection":[{"href":"https:\/\/www.laperlavalles.cat\/ca\/wp-json\/wp\/v2\/product"}],"about":[{"href":"https:\/\/www.laperlavalles.cat\/ca\/wp-json\/wp\/v2\/types\/product"}],"replies":[{"embeddable":true,"href":"https:\/\/www.laperlavalles.cat\/ca\/wp-json\/wp\/v2\/comments?post=189559"}],"wp:featuredmedia":[{"embeddable":true,"href":"https:\/\/www.laperlavalles.cat\/ca\/wp-json\/wp\/v2\/media\/189551"}],"wp:attachment":[{"href":"https:\/\/www.laperlavalles.cat\/ca\/wp-json\/wp\/v2\/media?parent=189559"}],"wp:term":[{"taxonomy":"product_cat","embeddable":true,"href":"https:\/\/www.laperlavalles.cat\/ca\/wp-json\/wp\/v2\/product_cat?post=189559"},{"taxonomy":"product_tag","embeddable":true,"href":"https:\/\/www.laperlavalles.cat\/ca\/wp-json\/wp\/v2\/product_tag?post=189559"}],"curies":[{"name":"wp","href":"https:\/\/api.w.org\/{rel}","templated":true}]}}