{"id":189579,"date":"2025-03-14T09:30:37","date_gmt":"2025-03-14T08:30:43","guid":{"rendered":"https:\/\/www.laperlavalles.cat\/product\/mielle-pomegranatehoney-curl-defining-mousse-222ml\/"},"modified":"2026-04-28T18:23:06","modified_gmt":"2026-04-28T16:23:06","slug":"mielle-pomegranatehoney-curl-defining-mousse-222ml","status":"publish","type":"product","link":"https:\/\/www.laperlavalles.cat\/ca\/producte\/mielle-pomegranatehoney-curl-defining-mousse-222ml\/","title":{"rendered":"MIELLE POMEGRANATE&amp;HONEY CURL DEFINING MOUSSE 222ML"},"content":{"rendered":"<p>L&#8217;escuma definidora de r\u00ednxols de Mielle amb magrana i mel est\u00e0 dissenyada per proporcionar definici\u00f3, control i brillantor als cabells arrissats. La seva f\u00f3rmula lleugera evita l&#8217;encrespament i ajuda a mantenir els r\u00ednxols suaus i definits sense deixar residus enganxosos. Enriquida amb ingredients naturals com la mel i la magrana, aporta hidrataci\u00f3 i una fixaci\u00f3 duradora. Ideal per a cabells gruixuts i arrissats que busquen una definici\u00f3 natural.<\/p>\n","protected":false},"excerpt":{"rendered":"<p>L&#8217;escuma definidora de r\u00ednxols de Mielle amb magrana i mel est\u00e0 dissenyada per proporcionar definici\u00f3, control i brillantor als cabells arrissats. La seva f\u00f3rmula lleugera evita<span class=\"excerpt-hellip\"> [\u2026]<\/span><\/p>\n","protected":false},"featured_media":189571,"comment_status":"open","ping_status":"closed","template":"","meta":[],"product_cat":[10617],"product_tag":[],"_links":{"self":[{"href":"https:\/\/www.laperlavalles.cat\/ca\/wp-json\/wp\/v2\/product\/189579"}],"collection":[{"href":"https:\/\/www.laperlavalles.cat\/ca\/wp-json\/wp\/v2\/product"}],"about":[{"href":"https:\/\/www.laperlavalles.cat\/ca\/wp-json\/wp\/v2\/types\/product"}],"replies":[{"embeddable":true,"href":"https:\/\/www.laperlavalles.cat\/ca\/wp-json\/wp\/v2\/comments?post=189579"}],"wp:featuredmedia":[{"embeddable":true,"href":"https:\/\/www.laperlavalles.cat\/ca\/wp-json\/wp\/v2\/media\/189571"}],"wp:attachment":[{"href":"https:\/\/www.laperlavalles.cat\/ca\/wp-json\/wp\/v2\/media?parent=189579"}],"wp:term":[{"taxonomy":"product_cat","embeddable":true,"href":"https:\/\/www.laperlavalles.cat\/ca\/wp-json\/wp\/v2\/product_cat?post=189579"},{"taxonomy":"product_tag","embeddable":true,"href":"https:\/\/www.laperlavalles.cat\/ca\/wp-json\/wp\/v2\/product_tag?post=189579"}],"curies":[{"name":"wp","href":"https:\/\/api.w.org\/{rel}","templated":true}]}}