{"id":189619,"date":"2025-03-14T09:40:34","date_gmt":"2025-03-14T08:40:41","guid":{"rendered":"https:\/\/www.laperlavalles.cat\/product\/mielle-pomegranatehoney-curl-refreshing-spray-240ml\/"},"modified":"2025-09-04T17:34:18","modified_gmt":"2025-09-04T15:34:18","slug":"mielle-pomegranatehoney-curl-refreshing-spray-240ml","status":"publish","type":"product","link":"https:\/\/www.laperlavalles.cat\/ca\/producte\/mielle-pomegranatehoney-curl-refreshing-spray-240ml\/","title":{"rendered":"MIELLE POMEGRANATE&amp;HONEY CURL REFRESHING SPRAY 240ML"},"content":{"rendered":"<p>L&#8217;esprai refrescant de r\u00ednxols de Mielle amb magrana i mel \u00e9s ideal per revitalitzar els r\u00ednxols entre rentats. Proporciona hidrataci\u00f3, controla l&#8217;encrespament i redefineix els r\u00ednxols, deixant-los suaus i amb una brillantor natural. Gr\u00e0cies als seus ingredients naturals com la mel i l&#8217;extracte de magrana, aquest esprai ajuda a mantenir els cabells nodrits i saludables al llarg del dia. \u00c9s perfecte per a cabells gruixuts i arrissats que necessiten una dosi extra d&#8217;hidrataci\u00f3.<\/p>\n","protected":false},"excerpt":{"rendered":"<p>L&#8217;esprai refrescant de r\u00ednxols de Mielle amb magrana i mel \u00e9s ideal per revitalitzar els r\u00ednxols entre rentats. Proporciona hidrataci\u00f3, controla l&#8217;encrespament i redefineix els r\u00ednxols,<span class=\"excerpt-hellip\"> [\u2026]<\/span><\/p>\n","protected":false},"featured_media":189611,"comment_status":"open","ping_status":"closed","template":"","meta":[],"product_cat":[10617],"product_tag":[],"_links":{"self":[{"href":"https:\/\/www.laperlavalles.cat\/ca\/wp-json\/wp\/v2\/product\/189619"}],"collection":[{"href":"https:\/\/www.laperlavalles.cat\/ca\/wp-json\/wp\/v2\/product"}],"about":[{"href":"https:\/\/www.laperlavalles.cat\/ca\/wp-json\/wp\/v2\/types\/product"}],"replies":[{"embeddable":true,"href":"https:\/\/www.laperlavalles.cat\/ca\/wp-json\/wp\/v2\/comments?post=189619"}],"wp:featuredmedia":[{"embeddable":true,"href":"https:\/\/www.laperlavalles.cat\/ca\/wp-json\/wp\/v2\/media\/189611"}],"wp:attachment":[{"href":"https:\/\/www.laperlavalles.cat\/ca\/wp-json\/wp\/v2\/media?parent=189619"}],"wp:term":[{"taxonomy":"product_cat","embeddable":true,"href":"https:\/\/www.laperlavalles.cat\/ca\/wp-json\/wp\/v2\/product_cat?post=189619"},{"taxonomy":"product_tag","embeddable":true,"href":"https:\/\/www.laperlavalles.cat\/ca\/wp-json\/wp\/v2\/product_tag?post=189619"}],"curies":[{"name":"wp","href":"https:\/\/api.w.org\/{rel}","templated":true}]}}