{"id":189639,"date":"2025-03-14T09:50:34","date_gmt":"2025-03-14T08:50:41","guid":{"rendered":"https:\/\/www.laperlavalles.cat\/product\/mielle-pomegranate-honey-stretch-mark-cream-85g\/"},"modified":"2025-09-04T17:32:56","modified_gmt":"2025-09-04T15:32:56","slug":"mielle-pomegranate-honey-stretch-mark-cream-85g","status":"publish","type":"product","link":"https:\/\/www.laperlavalles.cat\/ca\/producte\/mielle-pomegranate-honey-stretch-mark-cream-85g\/","title":{"rendered":"MIELLE POMEGRANATE &amp; HONEY STRETCH MARK CREAM 85G"},"content":{"rendered":"<p>La crema antiestries de Mielle amb magrana i mel est\u00e0 formulada per hidratar profundament la pell i millorar-ne l&#8217;elasticitat. Gr\u00e0cies als seus ingredients naturals, com l&#8217;extracte de magrana i la mel, ajuda a reduir l&#8217;aparen\u00e7a de les estries existents i a prevenir-ne la formaci\u00f3 de noves.<\/p>\n","protected":false},"excerpt":{"rendered":"<p>La crema antiestries de Mielle amb magrana i mel est\u00e0 formulada per hidratar profundament la pell i millorar-ne l&#8217;elasticitat. Gr\u00e0cies als seus ingredients naturals, com l&#8217;extracte<span class=\"excerpt-hellip\"> [\u2026]<\/span><\/p>\n","protected":false},"featured_media":189631,"comment_status":"open","ping_status":"closed","template":"","meta":[],"product_cat":[10617],"product_tag":[],"_links":{"self":[{"href":"https:\/\/www.laperlavalles.cat\/ca\/wp-json\/wp\/v2\/product\/189639"}],"collection":[{"href":"https:\/\/www.laperlavalles.cat\/ca\/wp-json\/wp\/v2\/product"}],"about":[{"href":"https:\/\/www.laperlavalles.cat\/ca\/wp-json\/wp\/v2\/types\/product"}],"replies":[{"embeddable":true,"href":"https:\/\/www.laperlavalles.cat\/ca\/wp-json\/wp\/v2\/comments?post=189639"}],"wp:featuredmedia":[{"embeddable":true,"href":"https:\/\/www.laperlavalles.cat\/ca\/wp-json\/wp\/v2\/media\/189631"}],"wp:attachment":[{"href":"https:\/\/www.laperlavalles.cat\/ca\/wp-json\/wp\/v2\/media?parent=189639"}],"wp:term":[{"taxonomy":"product_cat","embeddable":true,"href":"https:\/\/www.laperlavalles.cat\/ca\/wp-json\/wp\/v2\/product_cat?post=189639"},{"taxonomy":"product_tag","embeddable":true,"href":"https:\/\/www.laperlavalles.cat\/ca\/wp-json\/wp\/v2\/product_tag?post=189639"}],"curies":[{"name":"wp","href":"https:\/\/api.w.org\/{rel}","templated":true}]}}