{"id":189659,"date":"2025-03-14T10:00:34","date_gmt":"2025-03-14T09:00:42","guid":{"rendered":"https:\/\/www.laperlavalles.cat\/product\/mielle-rosemary-mint-oil-light-59ml\/"},"modified":"2025-12-04T14:53:28","modified_gmt":"2025-12-04T13:53:28","slug":"mielle-rosemary-mint-oil-light-59ml","status":"publish","type":"product","link":"https:\/\/www.laperlavalles.cat\/ca\/producte\/mielle-rosemary-mint-oil-light-59ml\/","title":{"rendered":"MIELLE ROSEMARY MINT OIL LIGHT 59ML"},"content":{"rendered":"<p>El MIELLE ROSEMARY MINT OIL LIGHT 59ML \u00e9s un oli lleuger dissenyat per enfortir i nodrir el cabell i el cuir cabellut. Enriquit amb roman\u00ed, menta i biotina, ajuda a estimular el creixement i aporta hidrataci\u00f3 sense deixar residus greixosos.<\/p>\n<p>Aquest oli \u00e9s ideal per a cabells de baixa porositat o per aquells que prefereixen una f\u00f3rmula m\u00e9s lleugera. Tamb\u00e9 \u00e9s perfecte per estils protectors com trenes o perruques.<\/p>\n<p>S&#8217;aplica f\u00e0cilment sobre el cuir cabellut o les puntes, proporcionant una sensaci\u00f3 refrescant gr\u00e0cies a l&#8217;oli essencial de menta.<\/p>\n<p>Amb un \u00fas regular, el cabell es mant\u00e9 fort, saludable i brillant, afavorint un creixement sa i reduint la caiguda.<\/p>\n","protected":false},"excerpt":{"rendered":"<p>El MIELLE ROSEMARY MINT OIL LIGHT 59ML \u00e9s un oli lleuger dissenyat per enfortir i nodrir el cabell i el cuir cabellut. Enriquit amb roman\u00ed, menta<span class=\"excerpt-hellip\"> [\u2026]<\/span><\/p>\n","protected":false},"featured_media":189651,"comment_status":"open","ping_status":"closed","template":"","meta":[],"product_cat":[10617],"product_tag":[],"_links":{"self":[{"href":"https:\/\/www.laperlavalles.cat\/ca\/wp-json\/wp\/v2\/product\/189659"}],"collection":[{"href":"https:\/\/www.laperlavalles.cat\/ca\/wp-json\/wp\/v2\/product"}],"about":[{"href":"https:\/\/www.laperlavalles.cat\/ca\/wp-json\/wp\/v2\/types\/product"}],"replies":[{"embeddable":true,"href":"https:\/\/www.laperlavalles.cat\/ca\/wp-json\/wp\/v2\/comments?post=189659"}],"wp:featuredmedia":[{"embeddable":true,"href":"https:\/\/www.laperlavalles.cat\/ca\/wp-json\/wp\/v2\/media\/189651"}],"wp:attachment":[{"href":"https:\/\/www.laperlavalles.cat\/ca\/wp-json\/wp\/v2\/media?parent=189659"}],"wp:term":[{"taxonomy":"product_cat","embeddable":true,"href":"https:\/\/www.laperlavalles.cat\/ca\/wp-json\/wp\/v2\/product_cat?post=189659"},{"taxonomy":"product_tag","embeddable":true,"href":"https:\/\/www.laperlavalles.cat\/ca\/wp-json\/wp\/v2\/product_tag?post=189659"}],"curies":[{"name":"wp","href":"https:\/\/api.w.org\/{rel}","templated":true}]}}