{"id":189679,"date":"2025-03-14T10:10:34","date_gmt":"2025-03-14T09:10:41","guid":{"rendered":"https:\/\/www.laperlavalles.cat\/product\/mielle-rosemary-mint-strengthening-scalpedge-cleansing-oil-118ml\/"},"modified":"2025-03-14T10:16:19","modified_gmt":"2025-03-14T09:16:19","slug":"mielle-rosemary-mint-strengthening-scalpedge-cleansing-oil-118ml","status":"publish","type":"product","link":"https:\/\/www.laperlavalles.cat\/ca\/producte\/mielle-rosemary-mint-strengthening-scalpedge-cleansing-oil-118ml\/","title":{"rendered":"MIELLE ROSEMARY MINT STRENGTHENING SCALP&amp;EDGE CLEANSING OIL 118ML"},"content":{"rendered":"<p>El Mielle Rosemary Mint Strengthening Scalp &amp; Edge Cleansing Oil \u00e9s un oli netejador sense esbandida que ajuda a dissoldre l&#8217;acumulaci\u00f3 de productes al cuir cabellut i la l\u00ednia del cabell entre rentats. La seva f\u00f3rmula lleugera, enriquida amb roman\u00ed, menta, biotina i hamamelis, neteja sense eliminar els olis naturals del cabell.<\/p>\n","protected":false},"excerpt":{"rendered":"<p>El Mielle Rosemary Mint Strengthening Scalp &amp; Edge Cleansing Oil \u00e9s un oli netejador sense esbandida que ajuda a dissoldre l&#8217;acumulaci\u00f3 de productes al cuir cabellut<span class=\"excerpt-hellip\"> [\u2026]<\/span><\/p>\n","protected":false},"featured_media":189671,"comment_status":"open","ping_status":"closed","template":"","meta":[],"product_cat":[8423,24329],"product_tag":[],"_links":{"self":[{"href":"https:\/\/www.laperlavalles.cat\/ca\/wp-json\/wp\/v2\/product\/189679"}],"collection":[{"href":"https:\/\/www.laperlavalles.cat\/ca\/wp-json\/wp\/v2\/product"}],"about":[{"href":"https:\/\/www.laperlavalles.cat\/ca\/wp-json\/wp\/v2\/types\/product"}],"replies":[{"embeddable":true,"href":"https:\/\/www.laperlavalles.cat\/ca\/wp-json\/wp\/v2\/comments?post=189679"}],"wp:featuredmedia":[{"embeddable":true,"href":"https:\/\/www.laperlavalles.cat\/ca\/wp-json\/wp\/v2\/media\/189671"}],"wp:attachment":[{"href":"https:\/\/www.laperlavalles.cat\/ca\/wp-json\/wp\/v2\/media?parent=189679"}],"wp:term":[{"taxonomy":"product_cat","embeddable":true,"href":"https:\/\/www.laperlavalles.cat\/ca\/wp-json\/wp\/v2\/product_cat?post=189679"},{"taxonomy":"product_tag","embeddable":true,"href":"https:\/\/www.laperlavalles.cat\/ca\/wp-json\/wp\/v2\/product_tag?post=189679"}],"curies":[{"name":"wp","href":"https:\/\/api.w.org\/{rel}","templated":true}]}}