{"id":189699,"date":"2025-03-14T10:11:50","date_gmt":"2025-03-14T09:11:57","guid":{"rendered":"https:\/\/www.laperlavalles.cat\/product\/mielle-rosemary-mint-scalp-scrub-170g\/"},"modified":"2025-03-14T10:17:33","modified_gmt":"2025-03-14T09:17:33","slug":"mielle-rosemary-mint-scalp-scrub-170g","status":"publish","type":"product","link":"https:\/\/www.laperlavalles.cat\/ca\/producte\/mielle-rosemary-mint-scalp-scrub-170g\/","title":{"rendered":"MIELLE ROSEMARY MINT SCALP SCRUB 170G"},"content":{"rendered":"<p>El Mielle Rosemary Mint Scalp Scrub \u00e9s un exfoliant dissenyat per netejar en profunditat el cuir cabellut, eliminant impureses i residus. Enriquit amb roman\u00ed i menta, refresca i estimula la circulaci\u00f3. Ideal per preparar el cuir cabellut abans del xamp\u00fa.<\/p>\n","protected":false},"excerpt":{"rendered":"<p>El Mielle Rosemary Mint Scalp Scrub \u00e9s un exfoliant dissenyat per netejar en profunditat el cuir cabellut, eliminant impureses i residus. Enriquit amb roman\u00ed i menta,<span class=\"excerpt-hellip\"> [\u2026]<\/span><\/p>\n","protected":false},"featured_media":189691,"comment_status":"open","ping_status":"closed","template":"","meta":[],"product_cat":[8423,24329],"product_tag":[],"_links":{"self":[{"href":"https:\/\/www.laperlavalles.cat\/ca\/wp-json\/wp\/v2\/product\/189699"}],"collection":[{"href":"https:\/\/www.laperlavalles.cat\/ca\/wp-json\/wp\/v2\/product"}],"about":[{"href":"https:\/\/www.laperlavalles.cat\/ca\/wp-json\/wp\/v2\/types\/product"}],"replies":[{"embeddable":true,"href":"https:\/\/www.laperlavalles.cat\/ca\/wp-json\/wp\/v2\/comments?post=189699"}],"wp:featuredmedia":[{"embeddable":true,"href":"https:\/\/www.laperlavalles.cat\/ca\/wp-json\/wp\/v2\/media\/189691"}],"wp:attachment":[{"href":"https:\/\/www.laperlavalles.cat\/ca\/wp-json\/wp\/v2\/media?parent=189699"}],"wp:term":[{"taxonomy":"product_cat","embeddable":true,"href":"https:\/\/www.laperlavalles.cat\/ca\/wp-json\/wp\/v2\/product_cat?post=189699"},{"taxonomy":"product_tag","embeddable":true,"href":"https:\/\/www.laperlavalles.cat\/ca\/wp-json\/wp\/v2\/product_tag?post=189699"}],"curies":[{"name":"wp","href":"https:\/\/api.w.org\/{rel}","templated":true}]}}