{"id":189819,"date":"2025-03-17T14:40:36","date_gmt":"2025-03-17T13:40:43","guid":{"rendered":"https:\/\/www.laperlavalles.cat\/product\/queen-helene-cholesterol-hair-conditioning-cream-15oz\/"},"modified":"2025-03-17T14:49:08","modified_gmt":"2025-03-17T13:49:08","slug":"queen-helene-cholesterol-hair-conditioning-cream-15oz","status":"publish","type":"product","link":"https:\/\/www.laperlavalles.cat\/ca\/producte\/queen-helene-cholesterol-hair-conditioning-cream-15oz\/","title":{"rendered":"QUEEN HELENE CHOLESTEROL HAIR CONDITIONING CREAM 15OZ"},"content":{"rendered":"<p>La Queen Helene Cholesterol Hair Conditioning Cream \u00e9s una crema condicionadora profunda de 15 oz formulada per hidratar intensament i nodrir el cabell sec, danyat i sobreprocessat. La seva f\u00f3rmula original, lliure d&#8217;alcohol, utilitza colesterol per reposar la humitat en cabells assedegats, ajudant a restaurar la suavitat, la brillantor saludable i la manejabilitat duradora. Aquest tractament \u00e9s ideal per al cabell que ha estat exposat a processos qu\u00edmics o danyat per factors ambientals, deixant-lo amb un aspecte saludable i amb m\u00e9s cos.<\/p>\n","protected":false},"excerpt":{"rendered":"<p>La Queen Helene Cholesterol Hair Conditioning Cream \u00e9s una crema condicionadora profunda de 15 oz formulada per hidratar intensament i nodrir el cabell sec, danyat i<span class=\"excerpt-hellip\"> [\u2026]<\/span><\/p>\n","protected":false},"featured_media":189811,"comment_status":"open","ping_status":"closed","template":"","meta":[],"product_cat":[8423,24329],"product_tag":[],"_links":{"self":[{"href":"https:\/\/www.laperlavalles.cat\/ca\/wp-json\/wp\/v2\/product\/189819"}],"collection":[{"href":"https:\/\/www.laperlavalles.cat\/ca\/wp-json\/wp\/v2\/product"}],"about":[{"href":"https:\/\/www.laperlavalles.cat\/ca\/wp-json\/wp\/v2\/types\/product"}],"replies":[{"embeddable":true,"href":"https:\/\/www.laperlavalles.cat\/ca\/wp-json\/wp\/v2\/comments?post=189819"}],"wp:featuredmedia":[{"embeddable":true,"href":"https:\/\/www.laperlavalles.cat\/ca\/wp-json\/wp\/v2\/media\/189811"}],"wp:attachment":[{"href":"https:\/\/www.laperlavalles.cat\/ca\/wp-json\/wp\/v2\/media?parent=189819"}],"wp:term":[{"taxonomy":"product_cat","embeddable":true,"href":"https:\/\/www.laperlavalles.cat\/ca\/wp-json\/wp\/v2\/product_cat?post=189819"},{"taxonomy":"product_tag","embeddable":true,"href":"https:\/\/www.laperlavalles.cat\/ca\/wp-json\/wp\/v2\/product_tag?post=189819"}],"curies":[{"name":"wp","href":"https:\/\/api.w.org\/{rel}","templated":true}]}}