{"id":189859,"date":"2025-03-17T14:43:08","date_gmt":"2025-03-17T13:43:15","guid":{"rendered":"https:\/\/www.laperlavalles.cat\/product\/queen-helene-cholesterol-hot-oil-treatment-1oz\/"},"modified":"2026-01-22T11:53:37","modified_gmt":"2026-01-22T10:53:37","slug":"queen-helene-cholesterol-hot-oil-treatment-1oz","status":"publish","type":"product","link":"https:\/\/www.laperlavalles.cat\/ca\/producte\/queen-helene-cholesterol-hot-oil-treatment-1oz\/","title":{"rendered":"QUEEN HELENE CHOLESTEROL HOT OIL TREATMENT 1OZ"},"content":{"rendered":"<p>El Queen Helene Cholesterol Hot Oil Treatment \u00e9s un tractament d&#8217;oli calent de 1 oz dissenyat per restaurar la suavitat, brillantor i manejabilitat del cabell sec o processat en exc\u00e9s. La seva f\u00f3rmula, rica en colesterol i lanolina, penetra profundament en el cabell per controlar els danys causats per tractaments qu\u00edmics, exposici\u00f3 al clima i l&#8217;\u00fas de l&#8217;assecador. Aquest tractament ajuda a rejovenir el cabell sec i danyat, reposant la humitat perduda i protegint-lo de futurs danys. \u00c9s f\u00e0cil d&#8217;utilitzar: despr\u00e9s de rentar el cabell, s&#8217;escalfa el tub en aigua calenta, s&#8217;aplica al cabell i cuir cabellut, es cobreix amb una tovallola t\u00e8bia durant 3 minuts i despr\u00e9s esbandir. <\/p>\n","protected":false},"excerpt":{"rendered":"<p>El Queen Helene Cholesterol Hot Oil Treatment \u00e9s un tractament d&#8217;oli calent de 1 oz dissenyat per restaurar la suavitat, brillantor i manejabilitat del cabell sec<span class=\"excerpt-hellip\"> [\u2026]<\/span><\/p>\n","protected":false},"featured_media":189851,"comment_status":"open","ping_status":"closed","template":"","meta":[],"product_cat":[8423,24329],"product_tag":[],"_links":{"self":[{"href":"https:\/\/www.laperlavalles.cat\/ca\/wp-json\/wp\/v2\/product\/189859"}],"collection":[{"href":"https:\/\/www.laperlavalles.cat\/ca\/wp-json\/wp\/v2\/product"}],"about":[{"href":"https:\/\/www.laperlavalles.cat\/ca\/wp-json\/wp\/v2\/types\/product"}],"replies":[{"embeddable":true,"href":"https:\/\/www.laperlavalles.cat\/ca\/wp-json\/wp\/v2\/comments?post=189859"}],"wp:featuredmedia":[{"embeddable":true,"href":"https:\/\/www.laperlavalles.cat\/ca\/wp-json\/wp\/v2\/media\/189851"}],"wp:attachment":[{"href":"https:\/\/www.laperlavalles.cat\/ca\/wp-json\/wp\/v2\/media?parent=189859"}],"wp:term":[{"taxonomy":"product_cat","embeddable":true,"href":"https:\/\/www.laperlavalles.cat\/ca\/wp-json\/wp\/v2\/product_cat?post=189859"},{"taxonomy":"product_tag","embeddable":true,"href":"https:\/\/www.laperlavalles.cat\/ca\/wp-json\/wp\/v2\/product_tag?post=189859"}],"curies":[{"name":"wp","href":"https:\/\/api.w.org\/{rel}","templated":true}]}}