{"id":189919,"date":"2025-03-17T15:00:36","date_gmt":"2025-03-17T14:00:43","guid":{"rendered":"https:\/\/www.laperlavalles.cat\/product\/queen-helene-aloe-vera-facial-scrub-6oz\/"},"modified":"2025-03-17T15:05:26","modified_gmt":"2025-03-17T14:05:26","slug":"queen-helene-aloe-vera-facial-scrub-6oz","status":"publish","type":"product","link":"https:\/\/www.laperlavalles.cat\/ca\/producte\/queen-helene-aloe-vera-facial-scrub-6oz\/","title":{"rendered":"QUEEN HELENE ALOE VERA FACIAL SCRUB 6OZ"},"content":{"rendered":"<p>Queen Helene Aloe Vera Facial Scrub \u00e9s un exfoliant facial natural que neteja suaument la pell, aportant hidrataci\u00f3 i frescor gr\u00e0cies a l&#8217;\u00e0loe vera.<\/p>\n","protected":false},"excerpt":{"rendered":"<p>Queen Helene Aloe Vera Facial Scrub \u00e9s un exfoliant facial natural que neteja suaument la pell, aportant hidrataci\u00f3 i frescor gr\u00e0cies a l&#8217;\u00e0loe vera.<\/p>\n","protected":false},"featured_media":189911,"comment_status":"open","ping_status":"closed","template":"","meta":[],"product_cat":[8423,8522],"product_tag":[],"_links":{"self":[{"href":"https:\/\/www.laperlavalles.cat\/ca\/wp-json\/wp\/v2\/product\/189919"}],"collection":[{"href":"https:\/\/www.laperlavalles.cat\/ca\/wp-json\/wp\/v2\/product"}],"about":[{"href":"https:\/\/www.laperlavalles.cat\/ca\/wp-json\/wp\/v2\/types\/product"}],"replies":[{"embeddable":true,"href":"https:\/\/www.laperlavalles.cat\/ca\/wp-json\/wp\/v2\/comments?post=189919"}],"wp:featuredmedia":[{"embeddable":true,"href":"https:\/\/www.laperlavalles.cat\/ca\/wp-json\/wp\/v2\/media\/189911"}],"wp:attachment":[{"href":"https:\/\/www.laperlavalles.cat\/ca\/wp-json\/wp\/v2\/media?parent=189919"}],"wp:term":[{"taxonomy":"product_cat","embeddable":true,"href":"https:\/\/www.laperlavalles.cat\/ca\/wp-json\/wp\/v2\/product_cat?post=189919"},{"taxonomy":"product_tag","embeddable":true,"href":"https:\/\/www.laperlavalles.cat\/ca\/wp-json\/wp\/v2\/product_tag?post=189919"}],"curies":[{"name":"wp","href":"https:\/\/api.w.org\/{rel}","templated":true}]}}