{"id":189999,"date":"2025-03-17T15:20:36","date_gmt":"2025-03-17T14:20:43","guid":{"rendered":"https:\/\/www.laperlavalles.cat\/product\/queen-helene-avocado-grapefruit-facial-masque-6oz\/"},"modified":"2025-03-17T15:22:50","modified_gmt":"2025-03-17T14:22:50","slug":"queen-helene-avocado-grapefruit-facial-masque-6oz","status":"publish","type":"product","link":"https:\/\/www.laperlavalles.cat\/ca\/producte\/queen-helene-avocado-grapefruit-facial-masque-6oz\/","title":{"rendered":"QUEEN HELENE AVOCADO &amp; GRAPEFRUIT FACIAL MASQUE 6OZ"},"content":{"rendered":"<p>Queen Helene Avocado &amp; Grapefruit Facial Masque \u00e9s una m\u00e0scara facial que combina alvocat nutritiu per proporcionar una infusi\u00f3 d&#8217;humitat i extracte d&#8217;aranja antioxidant per ajudar a protegir i revitalitzar la pell cansada. Aquesta f\u00f3rmula \u00fanica de gel-argila elimina suaument les impureses mentre preserva l&#8217;equilibri natural de la pell.<\/p>\n","protected":false},"excerpt":{"rendered":"<p>Queen Helene Avocado &amp; Grapefruit Facial Masque \u00e9s una m\u00e0scara facial que combina alvocat nutritiu per proporcionar una infusi\u00f3 d&#8217;humitat i extracte d&#8217;aranja antioxidant per ajudar<span class=\"excerpt-hellip\"> [\u2026]<\/span><\/p>\n","protected":false},"featured_media":189991,"comment_status":"open","ping_status":"closed","template":"","meta":[],"product_cat":[8423,8522],"product_tag":[],"_links":{"self":[{"href":"https:\/\/www.laperlavalles.cat\/ca\/wp-json\/wp\/v2\/product\/189999"}],"collection":[{"href":"https:\/\/www.laperlavalles.cat\/ca\/wp-json\/wp\/v2\/product"}],"about":[{"href":"https:\/\/www.laperlavalles.cat\/ca\/wp-json\/wp\/v2\/types\/product"}],"replies":[{"embeddable":true,"href":"https:\/\/www.laperlavalles.cat\/ca\/wp-json\/wp\/v2\/comments?post=189999"}],"wp:featuredmedia":[{"embeddable":true,"href":"https:\/\/www.laperlavalles.cat\/ca\/wp-json\/wp\/v2\/media\/189991"}],"wp:attachment":[{"href":"https:\/\/www.laperlavalles.cat\/ca\/wp-json\/wp\/v2\/media?parent=189999"}],"wp:term":[{"taxonomy":"product_cat","embeddable":true,"href":"https:\/\/www.laperlavalles.cat\/ca\/wp-json\/wp\/v2\/product_cat?post=189999"},{"taxonomy":"product_tag","embeddable":true,"href":"https:\/\/www.laperlavalles.cat\/ca\/wp-json\/wp\/v2\/product_tag?post=189999"}],"curies":[{"name":"wp","href":"https:\/\/api.w.org\/{rel}","templated":true}]}}