{"id":190019,"date":"2025-03-17T15:30:35","date_gmt":"2025-03-17T14:30:43","guid":{"rendered":"https:\/\/www.laperlavalles.cat\/product\/queen-helene-cocoa-butter-body-oil-10oz\/"},"modified":"2025-03-17T15:38:53","modified_gmt":"2025-03-17T14:38:53","slug":"queen-helene-cocoa-butter-body-oil-10oz","status":"publish","type":"product","link":"https:\/\/www.laperlavalles.cat\/ca\/producte\/queen-helene-cocoa-butter-body-oil-10oz\/","title":{"rendered":"QUEEN HELENE COCOA BUTTER BODY OIL 10OZ"},"content":{"rendered":"<p>El Queen Helene Cocoa Butter Body Oil \u00e9s un oli corporal enriquit amb mantega de cacau i vitamina E, formulat per hidratar profundament la pell seca i aspra. La seva textura lleugera s&#8217;absorbeix f\u00e0cilment, deixant la pell suau i nodrida. Ideal per aplicar despr\u00e9s del bany, com a oli de massatge o afegit a l&#8217;aigua del bany per una experi\u00e8ncia relaxant.<\/p>\n","protected":false},"excerpt":{"rendered":"<p>El Queen Helene Cocoa Butter Body Oil \u00e9s un oli corporal enriquit amb mantega de cacau i vitamina E, formulat per hidratar profundament la pell seca<span class=\"excerpt-hellip\"> [\u2026]<\/span><\/p>\n","protected":false},"featured_media":190011,"comment_status":"open","ping_status":"closed","template":"","meta":[],"product_cat":[8423,8522],"product_tag":[],"_links":{"self":[{"href":"https:\/\/www.laperlavalles.cat\/ca\/wp-json\/wp\/v2\/product\/190019"}],"collection":[{"href":"https:\/\/www.laperlavalles.cat\/ca\/wp-json\/wp\/v2\/product"}],"about":[{"href":"https:\/\/www.laperlavalles.cat\/ca\/wp-json\/wp\/v2\/types\/product"}],"replies":[{"embeddable":true,"href":"https:\/\/www.laperlavalles.cat\/ca\/wp-json\/wp\/v2\/comments?post=190019"}],"wp:featuredmedia":[{"embeddable":true,"href":"https:\/\/www.laperlavalles.cat\/ca\/wp-json\/wp\/v2\/media\/190011"}],"wp:attachment":[{"href":"https:\/\/www.laperlavalles.cat\/ca\/wp-json\/wp\/v2\/media?parent=190019"}],"wp:term":[{"taxonomy":"product_cat","embeddable":true,"href":"https:\/\/www.laperlavalles.cat\/ca\/wp-json\/wp\/v2\/product_cat?post=190019"},{"taxonomy":"product_tag","embeddable":true,"href":"https:\/\/www.laperlavalles.cat\/ca\/wp-json\/wp\/v2\/product_tag?post=190019"}],"curies":[{"name":"wp","href":"https:\/\/api.w.org\/{rel}","templated":true}]}}