{"id":190059,"date":"2025-03-17T15:33:05","date_gmt":"2025-03-17T14:33:12","guid":{"rendered":"https:\/\/www.laperlavalles.cat\/product\/queen-helene-mascara-facial-grape-seed-6oz\/"},"modified":"2025-03-17T15:41:42","modified_gmt":"2025-03-17T14:41:42","slug":"queen-helene-mascara-facial-grape-seed-6oz","status":"publish","type":"product","link":"https:\/\/www.laperlavalles.cat\/ca\/producte\/queen-helene-mascara-facial-grape-seed-6oz\/","title":{"rendered":"QUEEN HELENE MASCARA FACIAL GRAPE SEED 6OZ"},"content":{"rendered":"<p>Queen Helene Grape Seed Extract Peel Off Masque \u00e9s una m\u00e0scara purificadora que forma una pel\u00b7l\u00edcula que, en ser retirada, elimina les impureses dels porus obstru\u00efts mentre que l&#8217;extracte de llavor de ra\u00efm il\u00b7lumina i uniformitza el to de la pell. Despr\u00e9s de l&#8217;\u00fas, la pell se sent profundament neta i revitalitzada.<\/p>\n","protected":false},"excerpt":{"rendered":"<p>Queen Helene Grape Seed Extract Peel Off Masque \u00e9s una m\u00e0scara purificadora que forma una pel\u00b7l\u00edcula que, en ser retirada, elimina les impureses dels porus obstru\u00efts<span class=\"excerpt-hellip\"> [\u2026]<\/span><\/p>\n","protected":false},"featured_media":190051,"comment_status":"open","ping_status":"closed","template":"","meta":[],"product_cat":[8423,8522],"product_tag":[],"_links":{"self":[{"href":"https:\/\/www.laperlavalles.cat\/ca\/wp-json\/wp\/v2\/product\/190059"}],"collection":[{"href":"https:\/\/www.laperlavalles.cat\/ca\/wp-json\/wp\/v2\/product"}],"about":[{"href":"https:\/\/www.laperlavalles.cat\/ca\/wp-json\/wp\/v2\/types\/product"}],"replies":[{"embeddable":true,"href":"https:\/\/www.laperlavalles.cat\/ca\/wp-json\/wp\/v2\/comments?post=190059"}],"wp:featuredmedia":[{"embeddable":true,"href":"https:\/\/www.laperlavalles.cat\/ca\/wp-json\/wp\/v2\/media\/190051"}],"wp:attachment":[{"href":"https:\/\/www.laperlavalles.cat\/ca\/wp-json\/wp\/v2\/media?parent=190059"}],"wp:term":[{"taxonomy":"product_cat","embeddable":true,"href":"https:\/\/www.laperlavalles.cat\/ca\/wp-json\/wp\/v2\/product_cat?post=190059"},{"taxonomy":"product_tag","embeddable":true,"href":"https:\/\/www.laperlavalles.cat\/ca\/wp-json\/wp\/v2\/product_tag?post=190059"}],"curies":[{"name":"wp","href":"https:\/\/api.w.org\/{rel}","templated":true}]}}