{"id":190099,"date":"2025-03-17T15:35:34","date_gmt":"2025-03-17T14:35:41","guid":{"rendered":"https:\/\/www.laperlavalles.cat\/product\/queen-helene-mud-pack-masque-6oz\/"},"modified":"2025-03-17T15:44:11","modified_gmt":"2025-03-17T14:44:11","slug":"queen-helene-mud-pack-masque-6oz","status":"publish","type":"product","link":"https:\/\/www.laperlavalles.cat\/ca\/producte\/queen-helene-mud-pack-masque-6oz\/","title":{"rendered":"QUEEN HELENE MUD PACK MASQUE 6OZ"},"content":{"rendered":"<p>Queen Helene Mud Pack Masque \u00e9s una m\u00e0scara facial cl\u00e0ssica formulada amb argila natural anglesa que ajuda a netejar profundament la pell, eliminant impureses i toxines. Aquesta m\u00e0scara tamb\u00e9 ajuda a tensar la pell fl\u00e0ccida del rostre i el coll, relaxant els m\u00fasculs facials cansats per suavitzar l\u00ednies i arrugues. Despr\u00e9s de l&#8217;\u00fas, la pell se sent fresca, suau i rejovenida, amb una aparen\u00e7a m\u00e9s clara i juvenil.<\/p>\n","protected":false},"excerpt":{"rendered":"<p>Queen Helene Mud Pack Masque \u00e9s una m\u00e0scara facial cl\u00e0ssica formulada amb argila natural anglesa que ajuda a netejar profundament la pell, eliminant impureses i toxines.<span class=\"excerpt-hellip\"> [\u2026]<\/span><\/p>\n","protected":false},"featured_media":190091,"comment_status":"open","ping_status":"closed","template":"","meta":[],"product_cat":[8423,8522],"product_tag":[],"_links":{"self":[{"href":"https:\/\/www.laperlavalles.cat\/ca\/wp-json\/wp\/v2\/product\/190099"}],"collection":[{"href":"https:\/\/www.laperlavalles.cat\/ca\/wp-json\/wp\/v2\/product"}],"about":[{"href":"https:\/\/www.laperlavalles.cat\/ca\/wp-json\/wp\/v2\/types\/product"}],"replies":[{"embeddable":true,"href":"https:\/\/www.laperlavalles.cat\/ca\/wp-json\/wp\/v2\/comments?post=190099"}],"wp:featuredmedia":[{"embeddable":true,"href":"https:\/\/www.laperlavalles.cat\/ca\/wp-json\/wp\/v2\/media\/190091"}],"wp:attachment":[{"href":"https:\/\/www.laperlavalles.cat\/ca\/wp-json\/wp\/v2\/media?parent=190099"}],"wp:term":[{"taxonomy":"product_cat","embeddable":true,"href":"https:\/\/www.laperlavalles.cat\/ca\/wp-json\/wp\/v2\/product_cat?post=190099"},{"taxonomy":"product_tag","embeddable":true,"href":"https:\/\/www.laperlavalles.cat\/ca\/wp-json\/wp\/v2\/product_tag?post=190099"}],"curies":[{"name":"wp","href":"https:\/\/api.w.org\/{rel}","templated":true}]}}