{"id":190119,"date":"2025-03-17T15:36:48","date_gmt":"2025-03-17T14:36:55","guid":{"rendered":"https:\/\/www.laperlavalles.cat\/product\/queen-helene-olive-oil-hot-oil-treatment-1oz\/"},"modified":"2026-01-22T11:57:58","modified_gmt":"2026-01-22T10:57:58","slug":"queen-helene-olive-oil-hot-oil-treatment-1oz","status":"publish","type":"product","link":"https:\/\/www.laperlavalles.cat\/ca\/producte\/queen-helene-olive-oil-hot-oil-treatment-1oz\/","title":{"rendered":"QUEEN HELENE OLIVE OIL HOT OIL TREATMENT 1OZ"},"content":{"rendered":"<p>El Queen Helene Olive Oil Hot Oil Treatment \u00e9s un tractament intensiu amb oli d&#8217;oliva, dissenyat per reparar i nodrir el cabell sec i danyat. La seva f\u00f3rmula penetra profundament, aportant hidrataci\u00f3 i suavitat, mentre restaura la brillantor natural del cabell. Ideal per utilitzar com a tractament calent per revitalitzar i refor\u00e7ar els cabells.<\/p>\n","protected":false},"excerpt":{"rendered":"<p>El Queen Helene Olive Oil Hot Oil Treatment \u00e9s un tractament intensiu amb oli d&#8217;oliva, dissenyat per reparar i nodrir el cabell sec i danyat. La<span class=\"excerpt-hellip\"> [\u2026]<\/span><\/p>\n","protected":false},"featured_media":190111,"comment_status":"open","ping_status":"closed","template":"","meta":[],"product_cat":[8423,24329],"product_tag":[],"_links":{"self":[{"href":"https:\/\/www.laperlavalles.cat\/ca\/wp-json\/wp\/v2\/product\/190119"}],"collection":[{"href":"https:\/\/www.laperlavalles.cat\/ca\/wp-json\/wp\/v2\/product"}],"about":[{"href":"https:\/\/www.laperlavalles.cat\/ca\/wp-json\/wp\/v2\/types\/product"}],"replies":[{"embeddable":true,"href":"https:\/\/www.laperlavalles.cat\/ca\/wp-json\/wp\/v2\/comments?post=190119"}],"wp:featuredmedia":[{"embeddable":true,"href":"https:\/\/www.laperlavalles.cat\/ca\/wp-json\/wp\/v2\/media\/190111"}],"wp:attachment":[{"href":"https:\/\/www.laperlavalles.cat\/ca\/wp-json\/wp\/v2\/media?parent=190119"}],"wp:term":[{"taxonomy":"product_cat","embeddable":true,"href":"https:\/\/www.laperlavalles.cat\/ca\/wp-json\/wp\/v2\/product_cat?post=190119"},{"taxonomy":"product_tag","embeddable":true,"href":"https:\/\/www.laperlavalles.cat\/ca\/wp-json\/wp\/v2\/product_tag?post=190119"}],"curies":[{"name":"wp","href":"https:\/\/api.w.org\/{rel}","templated":true}]}}