{"id":190239,"date":"2025-03-19T10:11:41","date_gmt":"2025-03-19T09:11:48","guid":{"rendered":"https:\/\/www.laperlavalles.cat\/product\/shea-moisture-manuka-honeyyogurt-xampu-384ml\/"},"modified":"2025-09-17T15:56:12","modified_gmt":"2025-09-17T13:56:12","slug":"shea-moisture-manuka-honeyyogurt-xampu-384ml","status":"publish","type":"product","link":"https:\/\/www.laperlavalles.cat\/ca\/producte\/shea-moisture-manuka-honeyyogurt-xampu-384ml\/","title":{"rendered":"SHEA MOISTURE MANUKA HONEY&amp;YOGURT XAMP\u00da 384ML"},"content":{"rendered":"<p>El SHEA MOISTURE MANUKA HONEY &amp; YOGURT SHAMPOO 384ML \u00e9s un xamp\u00fa ultra nutritiu que neteja suaument mentre enforteix els cabells fr\u00e0gils. Amb mel de Manuka, iogurt i mantega de karit\u00e9, proporciona una hidrataci\u00f3 intensa i ajuda a restaurar la for\u00e7a i elasticitat del cabell danyat. Ideal per a cabells secs i fr\u00e0gils.<\/p>\n","protected":false},"excerpt":{"rendered":"<p>El SHEA MOISTURE MANUKA HONEY &amp; YOGURT SHAMPOO 384ML \u00e9s un xamp\u00fa ultra nutritiu que neteja suaument mentre enforteix els cabells fr\u00e0gils. Amb mel de Manuka,<span class=\"excerpt-hellip\"> [\u2026]<\/span><\/p>\n","protected":false},"featured_media":190231,"comment_status":"open","ping_status":"closed","template":"","meta":[],"product_cat":[8423,24329],"product_tag":[],"_links":{"self":[{"href":"https:\/\/www.laperlavalles.cat\/ca\/wp-json\/wp\/v2\/product\/190239"}],"collection":[{"href":"https:\/\/www.laperlavalles.cat\/ca\/wp-json\/wp\/v2\/product"}],"about":[{"href":"https:\/\/www.laperlavalles.cat\/ca\/wp-json\/wp\/v2\/types\/product"}],"replies":[{"embeddable":true,"href":"https:\/\/www.laperlavalles.cat\/ca\/wp-json\/wp\/v2\/comments?post=190239"}],"wp:featuredmedia":[{"embeddable":true,"href":"https:\/\/www.laperlavalles.cat\/ca\/wp-json\/wp\/v2\/media\/190231"}],"wp:attachment":[{"href":"https:\/\/www.laperlavalles.cat\/ca\/wp-json\/wp\/v2\/media?parent=190239"}],"wp:term":[{"taxonomy":"product_cat","embeddable":true,"href":"https:\/\/www.laperlavalles.cat\/ca\/wp-json\/wp\/v2\/product_cat?post=190239"},{"taxonomy":"product_tag","embeddable":true,"href":"https:\/\/www.laperlavalles.cat\/ca\/wp-json\/wp\/v2\/product_tag?post=190239"}],"curies":[{"name":"wp","href":"https:\/\/api.w.org\/{rel}","templated":true}]}}