{"id":190279,"date":"2025-03-19T10:20:36","date_gmt":"2025-03-19T09:20:43","guid":{"rendered":"https:\/\/www.laperlavalles.cat\/product\/shea-moisture-ch-curl-defining-gel-431ml\/"},"modified":"2025-03-19T10:26:35","modified_gmt":"2025-03-19T09:26:35","slug":"shea-moisture-ch-curl-defining-gel-431ml","status":"publish","type":"product","link":"https:\/\/www.laperlavalles.cat\/ca\/producte\/shea-moisture-ch-curl-defining-gel-431ml\/","title":{"rendered":"SHEA MOISTURE C&amp;H CURL DEFINING GEL 431ML"},"content":{"rendered":"<p>El SHEA MOISTURE C&amp;H CURL DEFINING GEL 431ML \u00e9s un gel de pentinat formulat per definir i fixar els r\u00ednxols sense deixar-los durs. Amb mantega de karit\u00e9, oli de coco i extractes bot\u00e0nics, nodreix el cabell, aporta brillantor i controla l&#8217;encrespament. Apte per a cabells arrissats, afro i ondulats.<\/p>\n","protected":false},"excerpt":{"rendered":"<p>El SHEA MOISTURE C&amp;H CURL DEFINING GEL 431ML \u00e9s un gel de pentinat formulat per definir i fixar els r\u00ednxols sense deixar-los durs. Amb mantega de<span class=\"excerpt-hellip\"> [\u2026]<\/span><\/p>\n","protected":false},"featured_media":190271,"comment_status":"open","ping_status":"closed","template":"","meta":[],"product_cat":[8423,24329],"product_tag":[],"_links":{"self":[{"href":"https:\/\/www.laperlavalles.cat\/ca\/wp-json\/wp\/v2\/product\/190279"}],"collection":[{"href":"https:\/\/www.laperlavalles.cat\/ca\/wp-json\/wp\/v2\/product"}],"about":[{"href":"https:\/\/www.laperlavalles.cat\/ca\/wp-json\/wp\/v2\/types\/product"}],"replies":[{"embeddable":true,"href":"https:\/\/www.laperlavalles.cat\/ca\/wp-json\/wp\/v2\/comments?post=190279"}],"wp:featuredmedia":[{"embeddable":true,"href":"https:\/\/www.laperlavalles.cat\/ca\/wp-json\/wp\/v2\/media\/190271"}],"wp:attachment":[{"href":"https:\/\/www.laperlavalles.cat\/ca\/wp-json\/wp\/v2\/media?parent=190279"}],"wp:term":[{"taxonomy":"product_cat","embeddable":true,"href":"https:\/\/www.laperlavalles.cat\/ca\/wp-json\/wp\/v2\/product_cat?post=190279"},{"taxonomy":"product_tag","embeddable":true,"href":"https:\/\/www.laperlavalles.cat\/ca\/wp-json\/wp\/v2\/product_tag?post=190279"}],"curies":[{"name":"wp","href":"https:\/\/api.w.org\/{rel}","templated":true}]}}