{"id":190299,"date":"2025-03-19T10:21:51","date_gmt":"2025-03-19T09:21:58","guid":{"rendered":"https:\/\/www.laperlavalles.cat\/product\/shea-moisture-jbco-strong-hold-styling-gel-431ml\/"},"modified":"2025-03-19T10:27:46","modified_gmt":"2025-03-19T09:27:46","slug":"shea-moisture-jbco-strong-hold-styling-gel-431ml","status":"publish","type":"product","link":"https:\/\/www.laperlavalles.cat\/ca\/producte\/shea-moisture-jbco-strong-hold-styling-gel-431ml\/","title":{"rendered":"SHEA MOISTURE JBCO STRONG HOLD STYLING GEL 431ML"},"content":{"rendered":"<p>El SHEA MOISTURE JBCO STRONG HOLD STYLING GEL 431ML \u00e9s un gel d&#8217;alta fixaci\u00f3 amb oli de ric\u00ed negre de Jamaica. Ofereix una subjecci\u00f3 duradora sense deixar el cabell pesat ni ressec. La seva f\u00f3rmula enfortidora ajuda a protegir i refor\u00e7ar el cabell mentre controla l&#8217;encrespament. Ideal per a cabells amb textura.<\/p>\n","protected":false},"excerpt":{"rendered":"<p>El SHEA MOISTURE JBCO STRONG HOLD STYLING GEL 431ML \u00e9s un gel d&#8217;alta fixaci\u00f3 amb oli de ric\u00ed negre de Jamaica. Ofereix una subjecci\u00f3 duradora sense<span class=\"excerpt-hellip\"> [\u2026]<\/span><\/p>\n","protected":false},"featured_media":190291,"comment_status":"open","ping_status":"closed","template":"","meta":[],"product_cat":[8423,24329],"product_tag":[],"_links":{"self":[{"href":"https:\/\/www.laperlavalles.cat\/ca\/wp-json\/wp\/v2\/product\/190299"}],"collection":[{"href":"https:\/\/www.laperlavalles.cat\/ca\/wp-json\/wp\/v2\/product"}],"about":[{"href":"https:\/\/www.laperlavalles.cat\/ca\/wp-json\/wp\/v2\/types\/product"}],"replies":[{"embeddable":true,"href":"https:\/\/www.laperlavalles.cat\/ca\/wp-json\/wp\/v2\/comments?post=190299"}],"wp:featuredmedia":[{"embeddable":true,"href":"https:\/\/www.laperlavalles.cat\/ca\/wp-json\/wp\/v2\/media\/190291"}],"wp:attachment":[{"href":"https:\/\/www.laperlavalles.cat\/ca\/wp-json\/wp\/v2\/media?parent=190299"}],"wp:term":[{"taxonomy":"product_cat","embeddable":true,"href":"https:\/\/www.laperlavalles.cat\/ca\/wp-json\/wp\/v2\/product_cat?post=190299"},{"taxonomy":"product_tag","embeddable":true,"href":"https:\/\/www.laperlavalles.cat\/ca\/wp-json\/wp\/v2\/product_tag?post=190299"}],"curies":[{"name":"wp","href":"https:\/\/api.w.org\/{rel}","templated":true}]}}