{"id":190319,"date":"2025-03-19T10:23:04","date_gmt":"2025-03-19T09:23:11","guid":{"rendered":"https:\/\/www.laperlavalles.cat\/product\/shea-moisture-manuka-honeyyogurt-hydrepair-protein-treatment-355ml\/"},"modified":"2025-03-19T10:29:01","modified_gmt":"2025-03-19T09:29:01","slug":"shea-moisture-manuka-honeyyogurt-hydrepair-protein-treatment-355ml","status":"publish","type":"product","link":"https:\/\/www.laperlavalles.cat\/ca\/producte\/shea-moisture-manuka-honeyyogurt-hydrepair-protein-treatment-355ml\/","title":{"rendered":"SHEA MOISTURE MANUKA HONEY&amp;YOGURT HYD&amp;REPAIR PROTEIN TREATMENT 355ML"},"content":{"rendered":"<p>El SHEA MOISTURE MANUKA HONEY &amp; YOGURT HYDRATE &amp; REPAIR PROTEIN TREATMENT 355ML \u00e9s un tractament intensiu amb mel de manuka i iogurt. Repara i enforteix el cabell danyat gr\u00e0cies a la seva f\u00f3rmula rica en prote\u00efnes, aportant una hidrataci\u00f3 profunda i suavitat. Perfecte per restaurar la vitalitat dels cabells febles i fr\u00e0gils.<\/p>\n","protected":false},"excerpt":{"rendered":"<p>El SHEA MOISTURE MANUKA HONEY &amp; YOGURT HYDRATE &amp; REPAIR PROTEIN TREATMENT 355ML \u00e9s un tractament intensiu amb mel de manuka i iogurt. Repara i enforteix<span class=\"excerpt-hellip\"> [\u2026]<\/span><\/p>\n","protected":false},"featured_media":190311,"comment_status":"open","ping_status":"closed","template":"","meta":[],"product_cat":[8423,24329],"product_tag":[],"_links":{"self":[{"href":"https:\/\/www.laperlavalles.cat\/ca\/wp-json\/wp\/v2\/product\/190319"}],"collection":[{"href":"https:\/\/www.laperlavalles.cat\/ca\/wp-json\/wp\/v2\/product"}],"about":[{"href":"https:\/\/www.laperlavalles.cat\/ca\/wp-json\/wp\/v2\/types\/product"}],"replies":[{"embeddable":true,"href":"https:\/\/www.laperlavalles.cat\/ca\/wp-json\/wp\/v2\/comments?post=190319"}],"wp:featuredmedia":[{"embeddable":true,"href":"https:\/\/www.laperlavalles.cat\/ca\/wp-json\/wp\/v2\/media\/190311"}],"wp:attachment":[{"href":"https:\/\/www.laperlavalles.cat\/ca\/wp-json\/wp\/v2\/media?parent=190319"}],"wp:term":[{"taxonomy":"product_cat","embeddable":true,"href":"https:\/\/www.laperlavalles.cat\/ca\/wp-json\/wp\/v2\/product_cat?post=190319"},{"taxonomy":"product_tag","embeddable":true,"href":"https:\/\/www.laperlavalles.cat\/ca\/wp-json\/wp\/v2\/product_tag?post=190319"}],"curies":[{"name":"wp","href":"https:\/\/api.w.org\/{rel}","templated":true}]}}