{"id":190479,"date":"2025-03-24T09:20:40","date_gmt":"2025-03-24T08:20:47","guid":{"rendered":"https:\/\/www.laperlavalles.cat\/product\/hawaiian-silky-14-in-1-repair-mascara-547g\/"},"modified":"2025-05-13T17:12:05","modified_gmt":"2025-05-13T15:12:05","slug":"hawaiian-silky-14-in-1-repair-mascara-547g","status":"publish","type":"product","link":"https:\/\/www.laperlavalles.cat\/ca\/producte\/hawaiian-silky-14-in-1-repair-mascara-547g\/","title":{"rendered":"HAWAIIAN SILKY 14-IN-1 REPAIR MASCARA 547G"},"content":{"rendered":"<p>La HAWAIIAN SILKY 14-IN-1 REPAIR M\u00c0SCARA 547G \u00e9s un tractament intensiu dissenyat per reparar i revitalitzar els cabells secs i danyats. La seva f\u00f3rmula 14 en 1 hidrata profundament, enforteix els fils fr\u00e0gils i ajuda a restaurar la suavitat i la brillantor natural.<\/p>\n","protected":false},"excerpt":{"rendered":"<p>La HAWAIIAN SILKY 14-IN-1 REPAIR M\u00c0SCARA 547G \u00e9s un tractament intensiu dissenyat per reparar i revitalitzar els cabells secs i danyats. La seva f\u00f3rmula 14 en<span class=\"excerpt-hellip\"> [\u2026]<\/span><\/p>\n","protected":false},"featured_media":190471,"comment_status":"open","ping_status":"closed","template":"","meta":[],"product_cat":[8423,24329],"product_tag":[],"_links":{"self":[{"href":"https:\/\/www.laperlavalles.cat\/ca\/wp-json\/wp\/v2\/product\/190479"}],"collection":[{"href":"https:\/\/www.laperlavalles.cat\/ca\/wp-json\/wp\/v2\/product"}],"about":[{"href":"https:\/\/www.laperlavalles.cat\/ca\/wp-json\/wp\/v2\/types\/product"}],"replies":[{"embeddable":true,"href":"https:\/\/www.laperlavalles.cat\/ca\/wp-json\/wp\/v2\/comments?post=190479"}],"wp:featuredmedia":[{"embeddable":true,"href":"https:\/\/www.laperlavalles.cat\/ca\/wp-json\/wp\/v2\/media\/190471"}],"wp:attachment":[{"href":"https:\/\/www.laperlavalles.cat\/ca\/wp-json\/wp\/v2\/media?parent=190479"}],"wp:term":[{"taxonomy":"product_cat","embeddable":true,"href":"https:\/\/www.laperlavalles.cat\/ca\/wp-json\/wp\/v2\/product_cat?post=190479"},{"taxonomy":"product_tag","embeddable":true,"href":"https:\/\/www.laperlavalles.cat\/ca\/wp-json\/wp\/v2\/product_tag?post=190479"}],"curies":[{"name":"wp","href":"https:\/\/api.w.org\/{rel}","templated":true}]}}