{"id":190559,"date":"2025-03-24T09:30:41","date_gmt":"2025-03-24T08:30:49","guid":{"rendered":"https:\/\/www.laperlavalles.cat\/product\/hawaiian-silky-argan-oil-masque-340g\/"},"modified":"2025-05-13T17:42:06","modified_gmt":"2025-05-13T15:42:06","slug":"hawaiian-silky-argan-oil-masque-340g","status":"publish","type":"product","link":"https:\/\/www.laperlavalles.cat\/ca\/producte\/hawaiian-silky-argan-oil-masque-340g\/","title":{"rendered":"HAWAIIAN SILKY ARGAN OIL MASQUE 340G"},"content":{"rendered":"<p>La HAWAIIAN SILKY ARGAN OIL M\u00c0SCARA 340G \u00e9s un tractament intensiu que nodreix i repara els cabells secs i danyats. Amb oli d&#8217;argan, restaura la hidrataci\u00f3, aporta suavitat i brillantor, i enforteix la fibra capil\u00b7lar.<\/p>\n","protected":false},"excerpt":{"rendered":"<p>La HAWAIIAN SILKY ARGAN OIL M\u00c0SCARA 340G \u00e9s un tractament intensiu que nodreix i repara els cabells secs i danyats. Amb oli d&#8217;argan, restaura la hidrataci\u00f3,<span class=\"excerpt-hellip\"> [\u2026]<\/span><\/p>\n","protected":false},"featured_media":190551,"comment_status":"open","ping_status":"closed","template":"","meta":[],"product_cat":[8423,24329],"product_tag":[],"_links":{"self":[{"href":"https:\/\/www.laperlavalles.cat\/ca\/wp-json\/wp\/v2\/product\/190559"}],"collection":[{"href":"https:\/\/www.laperlavalles.cat\/ca\/wp-json\/wp\/v2\/product"}],"about":[{"href":"https:\/\/www.laperlavalles.cat\/ca\/wp-json\/wp\/v2\/types\/product"}],"replies":[{"embeddable":true,"href":"https:\/\/www.laperlavalles.cat\/ca\/wp-json\/wp\/v2\/comments?post=190559"}],"wp:featuredmedia":[{"embeddable":true,"href":"https:\/\/www.laperlavalles.cat\/ca\/wp-json\/wp\/v2\/media\/190551"}],"wp:attachment":[{"href":"https:\/\/www.laperlavalles.cat\/ca\/wp-json\/wp\/v2\/media?parent=190559"}],"wp:term":[{"taxonomy":"product_cat","embeddable":true,"href":"https:\/\/www.laperlavalles.cat\/ca\/wp-json\/wp\/v2\/product_cat?post=190559"},{"taxonomy":"product_tag","embeddable":true,"href":"https:\/\/www.laperlavalles.cat\/ca\/wp-json\/wp\/v2\/product_tag?post=190559"}],"curies":[{"name":"wp","href":"https:\/\/api.w.org\/{rel}","templated":true}]}}