{"id":190599,"date":"2025-03-24T09:33:42","date_gmt":"2025-03-24T08:33:49","guid":{"rendered":"https:\/\/www.laperlavalles.cat\/product\/hawaiian-silky-argan-oil-relaxer-super-2appl\/"},"modified":"2025-05-16T12:21:42","modified_gmt":"2025-05-16T10:21:42","slug":"hawaiian-silky-argan-oil-relaxer-super-2appl","status":"publish","type":"product","link":"https:\/\/www.laperlavalles.cat\/ca\/producte\/hawaiian-silky-argan-oil-relaxer-super-2appl\/","title":{"rendered":"HAWAIIAN SILKY ARGAN OIL RELAXER SUPER 2APPL"},"content":{"rendered":"<p>El HAWAIIAN SILKY ARGAN OIL RELAXER SUPER 2APPL \u00e9s un desrissant d&#8217;alta pot\u00e8ncia amb oli d&#8217;argan, ideal per a cabells gruixuts i rebels. La seva f\u00f3rmula nodreix profundament, controla l&#8217;encrespament i deixa el cabell suau, brillant i sed\u00f3s.<\/p>\n","protected":false},"excerpt":{"rendered":"<p>El HAWAIIAN SILKY ARGAN OIL RELAXER SUPER 2APPL \u00e9s un desrissant d&#8217;alta pot\u00e8ncia amb oli d&#8217;argan, ideal per a cabells gruixuts i rebels. La seva f\u00f3rmula<span class=\"excerpt-hellip\"> [\u2026]<\/span><\/p>\n","protected":false},"featured_media":190591,"comment_status":"open","ping_status":"closed","template":"","meta":[],"product_cat":[8423,24329],"product_tag":[],"_links":{"self":[{"href":"https:\/\/www.laperlavalles.cat\/ca\/wp-json\/wp\/v2\/product\/190599"}],"collection":[{"href":"https:\/\/www.laperlavalles.cat\/ca\/wp-json\/wp\/v2\/product"}],"about":[{"href":"https:\/\/www.laperlavalles.cat\/ca\/wp-json\/wp\/v2\/types\/product"}],"replies":[{"embeddable":true,"href":"https:\/\/www.laperlavalles.cat\/ca\/wp-json\/wp\/v2\/comments?post=190599"}],"wp:featuredmedia":[{"embeddable":true,"href":"https:\/\/www.laperlavalles.cat\/ca\/wp-json\/wp\/v2\/media\/190591"}],"wp:attachment":[{"href":"https:\/\/www.laperlavalles.cat\/ca\/wp-json\/wp\/v2\/media?parent=190599"}],"wp:term":[{"taxonomy":"product_cat","embeddable":true,"href":"https:\/\/www.laperlavalles.cat\/ca\/wp-json\/wp\/v2\/product_cat?post=190599"},{"taxonomy":"product_tag","embeddable":true,"href":"https:\/\/www.laperlavalles.cat\/ca\/wp-json\/wp\/v2\/product_tag?post=190599"}],"curies":[{"name":"wp","href":"https:\/\/api.w.org\/{rel}","templated":true}]}}