{"id":190619,"date":"2025-03-24T09:35:01","date_gmt":"2025-03-24T08:35:09","guid":{"rendered":"https:\/\/www.laperlavalles.cat\/product\/aunt-jackies-curl-boss-gel-426g\/"},"modified":"2025-04-30T13:21:43","modified_gmt":"2025-04-30T11:21:43","slug":"aunt-jackies-curl-boss-gel-426g","status":"publish","type":"product","link":"https:\/\/www.laperlavalles.cat\/ca\/producte\/aunt-jackies-curl-boss-gel-426g\/","title":{"rendered":"AUNT JACKIE&#8217;S CURL BOSS GEL 426G"},"content":{"rendered":"<p>AUNT JACKIE&#8217;S CURL BOSS GEL \u00e9s un gel de fixaci\u00f3 amb oli de coco, ideal per definir i mantenir els r\u00ednxols sense aportar pes al cabell. La seva f\u00f3rmula hidrata, controla l&#8217;encrespament i ofereix una fixaci\u00f3 flexible per a uns r\u00ednxols suaus i brillants.<\/p>\n","protected":false},"excerpt":{"rendered":"<p>AUNT JACKIE&#8217;S CURL BOSS GEL \u00e9s un gel de fixaci\u00f3 amb oli de coco, ideal per definir i mantenir els r\u00ednxols sense aportar pes al cabell.<span class=\"excerpt-hellip\"> [\u2026]<\/span><\/p>\n","protected":false},"featured_media":190611,"comment_status":"open","ping_status":"closed","template":"","meta":[],"product_cat":[8423,24329],"product_tag":[],"_links":{"self":[{"href":"https:\/\/www.laperlavalles.cat\/ca\/wp-json\/wp\/v2\/product\/190619"}],"collection":[{"href":"https:\/\/www.laperlavalles.cat\/ca\/wp-json\/wp\/v2\/product"}],"about":[{"href":"https:\/\/www.laperlavalles.cat\/ca\/wp-json\/wp\/v2\/types\/product"}],"replies":[{"embeddable":true,"href":"https:\/\/www.laperlavalles.cat\/ca\/wp-json\/wp\/v2\/comments?post=190619"}],"wp:featuredmedia":[{"embeddable":true,"href":"https:\/\/www.laperlavalles.cat\/ca\/wp-json\/wp\/v2\/media\/190611"}],"wp:attachment":[{"href":"https:\/\/www.laperlavalles.cat\/ca\/wp-json\/wp\/v2\/media?parent=190619"}],"wp:term":[{"taxonomy":"product_cat","embeddable":true,"href":"https:\/\/www.laperlavalles.cat\/ca\/wp-json\/wp\/v2\/product_cat?post=190619"},{"taxonomy":"product_tag","embeddable":true,"href":"https:\/\/www.laperlavalles.cat\/ca\/wp-json\/wp\/v2\/product_tag?post=190619"}],"curies":[{"name":"wp","href":"https:\/\/api.w.org\/{rel}","templated":true}]}}