{"id":190679,"date":"2025-03-24T09:42:25","date_gmt":"2025-03-24T08:42:31","guid":{"rendered":"https:\/\/www.laperlavalles.cat\/product\/aunt-jackies-curl-la-la-defining-curl-custard-426g\/"},"modified":"2025-03-24T10:18:44","modified_gmt":"2025-03-24T09:18:44","slug":"aunt-jackies-curl-la-la-defining-curl-custard-426g","status":"publish","type":"product","link":"https:\/\/www.laperlavalles.cat\/ca\/producte\/aunt-jackies-curl-la-la-defining-curl-custard-426g\/","title":{"rendered":"AUNT JACKIE&#8217;S CURL LA LA DEFINING CURL CUSTARD 426G"},"content":{"rendered":"<p>El AUNT JACKIE&#8217;S CURL LA LA DEFINING CURL CUSTARD \u00e9s una crema de pentinat ultra definidora que hidrata i nodreix els r\u00ednxols. La seva f\u00f3rmula amb mantega de karit\u00e9 i oli d&#8217;oliva ajuda a controlar l&#8217;encrespament, definir els r\u00ednxols i aportar brillantor sense carregar els cabells.<\/p>\n","protected":false},"excerpt":{"rendered":"<p>El AUNT JACKIE&#8217;S CURL LA LA DEFINING CURL CUSTARD \u00e9s una crema de pentinat ultra definidora que hidrata i nodreix els r\u00ednxols. La seva f\u00f3rmula amb<span class=\"excerpt-hellip\"> [\u2026]<\/span><\/p>\n","protected":false},"featured_media":190671,"comment_status":"open","ping_status":"closed","template":"","meta":[],"product_cat":[8423,24329],"product_tag":[],"_links":{"self":[{"href":"https:\/\/www.laperlavalles.cat\/ca\/wp-json\/wp\/v2\/product\/190679"}],"collection":[{"href":"https:\/\/www.laperlavalles.cat\/ca\/wp-json\/wp\/v2\/product"}],"about":[{"href":"https:\/\/www.laperlavalles.cat\/ca\/wp-json\/wp\/v2\/types\/product"}],"replies":[{"embeddable":true,"href":"https:\/\/www.laperlavalles.cat\/ca\/wp-json\/wp\/v2\/comments?post=190679"}],"wp:featuredmedia":[{"embeddable":true,"href":"https:\/\/www.laperlavalles.cat\/ca\/wp-json\/wp\/v2\/media\/190671"}],"wp:attachment":[{"href":"https:\/\/www.laperlavalles.cat\/ca\/wp-json\/wp\/v2\/media?parent=190679"}],"wp:term":[{"taxonomy":"product_cat","embeddable":true,"href":"https:\/\/www.laperlavalles.cat\/ca\/wp-json\/wp\/v2\/product_cat?post=190679"},{"taxonomy":"product_tag","embeddable":true,"href":"https:\/\/www.laperlavalles.cat\/ca\/wp-json\/wp\/v2\/product_tag?post=190679"}],"curies":[{"name":"wp","href":"https:\/\/api.w.org\/{rel}","templated":true}]}}