{"id":190719,"date":"2025-03-24T09:52:20","date_gmt":"2025-03-24T08:52:27","guid":{"rendered":"https:\/\/www.laperlavalles.cat\/product\/aunt-jackies-knot-on-my-watch-instant-detangling-therapy-355ml\/"},"modified":"2025-03-24T10:22:14","modified_gmt":"2025-03-24T09:22:14","slug":"aunt-jackies-knot-on-my-watch-instant-detangling-therapy-355ml","status":"publish","type":"product","link":"https:\/\/www.laperlavalles.cat\/ca\/producte\/aunt-jackies-knot-on-my-watch-instant-detangling-therapy-355ml\/","title":{"rendered":"AUNT JACKIE&#8217;S KNOT ON MY WATCH INSTANT DETANGLING THERAPY 355ML"},"content":{"rendered":"<p>El AUNT JACKIE&#8217;S KNOT ON MY WATCH \u00e9s un tractament desenredant instantani que facilita el pentinat dels cabells enredats i dif\u00edcils de manejar. Amb mantega de karit\u00e9 i oli d\u2019oliva, hidrata, suavitza i protegeix contra la trencadissa.<\/p>\n","protected":false},"excerpt":{"rendered":"<p>El AUNT JACKIE&#8217;S KNOT ON MY WATCH \u00e9s un tractament desenredant instantani que facilita el pentinat dels cabells enredats i dif\u00edcils de manejar. Amb mantega de<span class=\"excerpt-hellip\"> [\u2026]<\/span><\/p>\n","protected":false},"featured_media":190711,"comment_status":"open","ping_status":"closed","template":"","meta":[],"product_cat":[8423,24329],"product_tag":[],"_links":{"self":[{"href":"https:\/\/www.laperlavalles.cat\/ca\/wp-json\/wp\/v2\/product\/190719"}],"collection":[{"href":"https:\/\/www.laperlavalles.cat\/ca\/wp-json\/wp\/v2\/product"}],"about":[{"href":"https:\/\/www.laperlavalles.cat\/ca\/wp-json\/wp\/v2\/types\/product"}],"replies":[{"embeddable":true,"href":"https:\/\/www.laperlavalles.cat\/ca\/wp-json\/wp\/v2\/comments?post=190719"}],"wp:featuredmedia":[{"embeddable":true,"href":"https:\/\/www.laperlavalles.cat\/ca\/wp-json\/wp\/v2\/media\/190711"}],"wp:attachment":[{"href":"https:\/\/www.laperlavalles.cat\/ca\/wp-json\/wp\/v2\/media?parent=190719"}],"wp:term":[{"taxonomy":"product_cat","embeddable":true,"href":"https:\/\/www.laperlavalles.cat\/ca\/wp-json\/wp\/v2\/product_cat?post=190719"},{"taxonomy":"product_tag","embeddable":true,"href":"https:\/\/www.laperlavalles.cat\/ca\/wp-json\/wp\/v2\/product_tag?post=190719"}],"curies":[{"name":"wp","href":"https:\/\/api.w.org\/{rel}","templated":true}]}}