{"id":190739,"date":"2025-03-24T09:54:02","date_gmt":"2025-03-24T08:54:10","guid":{"rendered":"https:\/\/www.laperlavalles.cat\/product\/aunt-jackies-oh-so-clean-shampoo-355ml\/"},"modified":"2025-03-24T10:23:53","modified_gmt":"2025-03-24T09:23:53","slug":"aunt-jackies-oh-so-clean-shampoo-355ml","status":"publish","type":"product","link":"https:\/\/www.laperlavalles.cat\/ca\/producte\/aunt-jackies-oh-so-clean-shampoo-355ml\/","title":{"rendered":"AUNT JACKIE&#8217;S OH SO CLEAN SHAMPOO 355ML"},"content":{"rendered":"<p>El AUNT JACKIE&#8217;S OH SO CLEAN SHAMPOO \u00e9s un xamp\u00fa hidratant i de neteja profunda, perfecte per a cabells arrissats, afro i ondulats. Amb mantega de karit\u00e9 i oli d\u2019oliva, elimina impureses sense ressecar els cabells.<\/p>\n","protected":false},"excerpt":{"rendered":"<p>El AUNT JACKIE&#8217;S OH SO CLEAN SHAMPOO \u00e9s un xamp\u00fa hidratant i de neteja profunda, perfecte per a cabells arrissats, afro i ondulats. Amb mantega de<span class=\"excerpt-hellip\"> [\u2026]<\/span><\/p>\n","protected":false},"featured_media":190731,"comment_status":"open","ping_status":"closed","template":"","meta":[],"product_cat":[8423,24329],"product_tag":[],"_links":{"self":[{"href":"https:\/\/www.laperlavalles.cat\/ca\/wp-json\/wp\/v2\/product\/190739"}],"collection":[{"href":"https:\/\/www.laperlavalles.cat\/ca\/wp-json\/wp\/v2\/product"}],"about":[{"href":"https:\/\/www.laperlavalles.cat\/ca\/wp-json\/wp\/v2\/types\/product"}],"replies":[{"embeddable":true,"href":"https:\/\/www.laperlavalles.cat\/ca\/wp-json\/wp\/v2\/comments?post=190739"}],"wp:featuredmedia":[{"embeddable":true,"href":"https:\/\/www.laperlavalles.cat\/ca\/wp-json\/wp\/v2\/media\/190731"}],"wp:attachment":[{"href":"https:\/\/www.laperlavalles.cat\/ca\/wp-json\/wp\/v2\/media?parent=190739"}],"wp:term":[{"taxonomy":"product_cat","embeddable":true,"href":"https:\/\/www.laperlavalles.cat\/ca\/wp-json\/wp\/v2\/product_cat?post=190739"},{"taxonomy":"product_tag","embeddable":true,"href":"https:\/\/www.laperlavalles.cat\/ca\/wp-json\/wp\/v2\/product_tag?post=190739"}],"curies":[{"name":"wp","href":"https:\/\/api.w.org\/{rel}","templated":true}]}}