{"id":190779,"date":"2025-03-24T09:57:24","date_gmt":"2025-03-24T08:57:31","guid":{"rendered":"https:\/\/www.laperlavalles.cat\/product\/aunt-jackies-curl-mane-tenance-426g\/"},"modified":"2025-03-24T10:27:24","modified_gmt":"2025-03-24T09:27:24","slug":"aunt-jackies-curl-mane-tenance-426g","status":"publish","type":"product","link":"https:\/\/www.laperlavalles.cat\/ca\/producte\/aunt-jackies-curl-mane-tenance-426g\/","title":{"rendered":"AUNT JACKIE&#8217;S CURL MANE-TENANCE 426G"},"content":{"rendered":"<p>El AUNT JACKIE&#8217;S CURL MANE-TENANCE \u00e9s una crema d&#8217;estilisme lleugera que defineix i mant\u00e9 els r\u00ednxols mentre els nodreix. Enriquida amb mantega de karit\u00e9 i oli d\u2019oliva, deixa els cabells suaus i hidratats.<\/p>\n","protected":false},"excerpt":{"rendered":"<p>El AUNT JACKIE&#8217;S CURL MANE-TENANCE \u00e9s una crema d&#8217;estilisme lleugera que defineix i mant\u00e9 els r\u00ednxols mentre els nodreix. Enriquida amb mantega de karit\u00e9 i oli<span class=\"excerpt-hellip\"> [\u2026]<\/span><\/p>\n","protected":false},"featured_media":190771,"comment_status":"open","ping_status":"closed","template":"","meta":[],"product_cat":[8423,24329],"product_tag":[],"_links":{"self":[{"href":"https:\/\/www.laperlavalles.cat\/ca\/wp-json\/wp\/v2\/product\/190779"}],"collection":[{"href":"https:\/\/www.laperlavalles.cat\/ca\/wp-json\/wp\/v2\/product"}],"about":[{"href":"https:\/\/www.laperlavalles.cat\/ca\/wp-json\/wp\/v2\/types\/product"}],"replies":[{"embeddable":true,"href":"https:\/\/www.laperlavalles.cat\/ca\/wp-json\/wp\/v2\/comments?post=190779"}],"wp:featuredmedia":[{"embeddable":true,"href":"https:\/\/www.laperlavalles.cat\/ca\/wp-json\/wp\/v2\/media\/190771"}],"wp:attachment":[{"href":"https:\/\/www.laperlavalles.cat\/ca\/wp-json\/wp\/v2\/media?parent=190779"}],"wp:term":[{"taxonomy":"product_cat","embeddable":true,"href":"https:\/\/www.laperlavalles.cat\/ca\/wp-json\/wp\/v2\/product_cat?post=190779"},{"taxonomy":"product_tag","embeddable":true,"href":"https:\/\/www.laperlavalles.cat\/ca\/wp-json\/wp\/v2\/product_tag?post=190779"}],"curies":[{"name":"wp","href":"https:\/\/api.w.org\/{rel}","templated":true}]}}