{"id":190799,"date":"2025-03-24T09:59:07","date_gmt":"2025-03-24T08:59:14","guid":{"rendered":"https:\/\/www.laperlavalles.cat\/product\/aunt-jackies-frizz-patrol-setting-mousse-244ml\/"},"modified":"2025-03-24T10:29:07","modified_gmt":"2025-03-24T09:29:07","slug":"aunt-jackies-frizz-patrol-setting-mousse-244ml","status":"publish","type":"product","link":"https:\/\/www.laperlavalles.cat\/ca\/producte\/aunt-jackies-frizz-patrol-setting-mousse-244ml\/","title":{"rendered":"AUNT JACKIE&#8217;S FRIZZ PATROL SETTING MOUSSE 244ML"},"content":{"rendered":"<p>L\u2019AUNT JACKIE&#8217;S FRIZZ PATROL SETTING MOUSSE \u00e9s una escuma de fixaci\u00f3 anti-frizz que proporciona una subjecci\u00f3 lleugera i una definici\u00f3 duradora dels r\u00ednxols. La seva f\u00f3rmula amb oli de coco i mantega de karit\u00e9 hidrata i protegeix els cabells.<\/p>\n","protected":false},"excerpt":{"rendered":"<p>L\u2019AUNT JACKIE&#8217;S FRIZZ PATROL SETTING MOUSSE \u00e9s una escuma de fixaci\u00f3 anti-frizz que proporciona una subjecci\u00f3 lleugera i una definici\u00f3 duradora dels r\u00ednxols. La seva f\u00f3rmula<span class=\"excerpt-hellip\"> [\u2026]<\/span><\/p>\n","protected":false},"featured_media":190791,"comment_status":"open","ping_status":"closed","template":"","meta":[],"product_cat":[8423,24329],"product_tag":[],"_links":{"self":[{"href":"https:\/\/www.laperlavalles.cat\/ca\/wp-json\/wp\/v2\/product\/190799"}],"collection":[{"href":"https:\/\/www.laperlavalles.cat\/ca\/wp-json\/wp\/v2\/product"}],"about":[{"href":"https:\/\/www.laperlavalles.cat\/ca\/wp-json\/wp\/v2\/types\/product"}],"replies":[{"embeddable":true,"href":"https:\/\/www.laperlavalles.cat\/ca\/wp-json\/wp\/v2\/comments?post=190799"}],"wp:featuredmedia":[{"embeddable":true,"href":"https:\/\/www.laperlavalles.cat\/ca\/wp-json\/wp\/v2\/media\/190791"}],"wp:attachment":[{"href":"https:\/\/www.laperlavalles.cat\/ca\/wp-json\/wp\/v2\/media?parent=190799"}],"wp:term":[{"taxonomy":"product_cat","embeddable":true,"href":"https:\/\/www.laperlavalles.cat\/ca\/wp-json\/wp\/v2\/product_cat?post=190799"},{"taxonomy":"product_tag","embeddable":true,"href":"https:\/\/www.laperlavalles.cat\/ca\/wp-json\/wp\/v2\/product_tag?post=190799"}],"curies":[{"name":"wp","href":"https:\/\/api.w.org\/{rel}","templated":true}]}}