{"id":190859,"date":"2025-03-24T10:03:50","date_gmt":"2025-03-24T09:03:58","guid":{"rendered":"https:\/\/www.laperlavalles.cat\/product\/aunt-jackies-kids-baby-curls-custard-426g\/"},"modified":"2025-03-24T10:34:51","modified_gmt":"2025-03-24T09:34:51","slug":"aunt-jackies-kids-baby-curls-custard-426g","status":"publish","type":"product","link":"https:\/\/www.laperlavalles.cat\/ca\/producte\/aunt-jackies-kids-baby-curls-custard-426g\/","title":{"rendered":"AUNT JACKIE&#8217;S KIDS BABY CURLS CUSTARD 426G"},"content":{"rendered":"<p>El AUNT JACKIE&#8217;S KIDS BABY CURLS CUSTARD \u00e9s una crema de pentinat especialment formulada per definir i nodrir els r\u00ednxols dels infants. Enriquida amb mantega de karit\u00e9 i oli d\u2019oliva, hidrata en profunditat, redueix l\u2019encrespament i proporciona una definici\u00f3 duradora sense deixar sensaci\u00f3 enganxosa.<\/p>\n","protected":false},"excerpt":{"rendered":"<p>El AUNT JACKIE&#8217;S KIDS BABY CURLS CUSTARD \u00e9s una crema de pentinat especialment formulada per definir i nodrir els r\u00ednxols dels infants. Enriquida amb mantega de<span class=\"excerpt-hellip\"> [\u2026]<\/span><\/p>\n","protected":false},"featured_media":190851,"comment_status":"open","ping_status":"closed","template":"","meta":[],"product_cat":[8423,24329],"product_tag":[],"_links":{"self":[{"href":"https:\/\/www.laperlavalles.cat\/ca\/wp-json\/wp\/v2\/product\/190859"}],"collection":[{"href":"https:\/\/www.laperlavalles.cat\/ca\/wp-json\/wp\/v2\/product"}],"about":[{"href":"https:\/\/www.laperlavalles.cat\/ca\/wp-json\/wp\/v2\/types\/product"}],"replies":[{"embeddable":true,"href":"https:\/\/www.laperlavalles.cat\/ca\/wp-json\/wp\/v2\/comments?post=190859"}],"wp:featuredmedia":[{"embeddable":true,"href":"https:\/\/www.laperlavalles.cat\/ca\/wp-json\/wp\/v2\/media\/190851"}],"wp:attachment":[{"href":"https:\/\/www.laperlavalles.cat\/ca\/wp-json\/wp\/v2\/media?parent=190859"}],"wp:term":[{"taxonomy":"product_cat","embeddable":true,"href":"https:\/\/www.laperlavalles.cat\/ca\/wp-json\/wp\/v2\/product_cat?post=190859"},{"taxonomy":"product_tag","embeddable":true,"href":"https:\/\/www.laperlavalles.cat\/ca\/wp-json\/wp\/v2\/product_tag?post=190859"}],"curies":[{"name":"wp","href":"https:\/\/api.w.org\/{rel}","templated":true}]}}