{"id":190899,"date":"2025-03-24T10:06:27","date_gmt":"2025-03-24T09:06:35","guid":{"rendered":"https:\/\/www.laperlavalles.cat\/product\/originals-kids-africas-best-shea-butter-lotion-355ml\/"},"modified":"2025-05-05T14:12:06","modified_gmt":"2025-05-05T12:12:06","slug":"originals-kids-africas-best-shea-butter-lotion-355ml","status":"publish","type":"product","link":"https:\/\/www.laperlavalles.cat\/ca\/producte\/originals-kids-africas-best-shea-butter-lotion-355ml\/","title":{"rendered":"ORIGINALS KIDS AFRICA&#8217;S BEST SHEA BUTTER LOTION 355ML"},"content":{"rendered":"<p>La ORIGINALS KIDS AFRICA&#8217;S BEST SHEA BUTTER LOTION \u00e9s una loci\u00f3 hidratant amb mantega de karit\u00e9 que nodreix i protegeix la pell delicada dels infants. La seva f\u00f3rmula lleugera s&#8217;absorbeix r\u00e0pidament, deixant la pell suau, flexible i ben hidratada.<\/p>\n","protected":false},"excerpt":{"rendered":"<p>La ORIGINALS KIDS AFRICA&#8217;S BEST SHEA BUTTER LOTION \u00e9s una loci\u00f3 hidratant amb mantega de karit\u00e9 que nodreix i protegeix la pell delicada dels infants. La<span class=\"excerpt-hellip\"> [\u2026]<\/span><\/p>\n","protected":false},"featured_media":190891,"comment_status":"open","ping_status":"closed","template":"","meta":[],"product_cat":[8423,24329],"product_tag":[],"_links":{"self":[{"href":"https:\/\/www.laperlavalles.cat\/ca\/wp-json\/wp\/v2\/product\/190899"}],"collection":[{"href":"https:\/\/www.laperlavalles.cat\/ca\/wp-json\/wp\/v2\/product"}],"about":[{"href":"https:\/\/www.laperlavalles.cat\/ca\/wp-json\/wp\/v2\/types\/product"}],"replies":[{"embeddable":true,"href":"https:\/\/www.laperlavalles.cat\/ca\/wp-json\/wp\/v2\/comments?post=190899"}],"wp:featuredmedia":[{"embeddable":true,"href":"https:\/\/www.laperlavalles.cat\/ca\/wp-json\/wp\/v2\/media\/190891"}],"wp:attachment":[{"href":"https:\/\/www.laperlavalles.cat\/ca\/wp-json\/wp\/v2\/media?parent=190899"}],"wp:term":[{"taxonomy":"product_cat","embeddable":true,"href":"https:\/\/www.laperlavalles.cat\/ca\/wp-json\/wp\/v2\/product_cat?post=190899"},{"taxonomy":"product_tag","embeddable":true,"href":"https:\/\/www.laperlavalles.cat\/ca\/wp-json\/wp\/v2\/product_tag?post=190899"}],"curies":[{"name":"wp","href":"https:\/\/api.w.org\/{rel}","templated":true}]}}