{"id":190979,"date":"2025-03-24T10:40:41","date_gmt":"2025-03-24T09:40:49","guid":{"rendered":"https:\/\/www.laperlavalles.cat\/product\/originals-africas-best-hair-mayonnaise-426g\/"},"modified":"2026-03-12T12:26:37","modified_gmt":"2026-03-12T11:26:37","slug":"originals-africas-best-hair-mayonnaise-426g","status":"publish","type":"product","link":"https:\/\/www.laperlavalles.cat\/ca\/producte\/originals-africas-best-hair-mayonnaise-426g\/","title":{"rendered":"ORIGINALS AFRICA&#8217;S BEST HAIR MAYONNAISE 426G"},"content":{"rendered":"<p>El ORIGINALS AFRICA&#8217;S BEST HAIR MAYONNAISE \u00e9s un tractament intensiu amb extractes bot\u00e0nics, prote\u00efnes i oli d\u2019oliva per enfortir, hidratar i revitalitzar el cabell sec i danyat.<\/p>\n","protected":false},"excerpt":{"rendered":"<p>El ORIGINALS AFRICA&#8217;S BEST HAIR MAYONNAISE \u00e9s un tractament intensiu amb extractes bot\u00e0nics, prote\u00efnes i oli d\u2019oliva per enfortir, hidratar i revitalitzar el cabell sec i<span class=\"excerpt-hellip\"> [\u2026]<\/span><\/p>\n","protected":false},"featured_media":190971,"comment_status":"open","ping_status":"closed","template":"","meta":[],"product_cat":[8423,24329],"product_tag":[],"_links":{"self":[{"href":"https:\/\/www.laperlavalles.cat\/ca\/wp-json\/wp\/v2\/product\/190979"}],"collection":[{"href":"https:\/\/www.laperlavalles.cat\/ca\/wp-json\/wp\/v2\/product"}],"about":[{"href":"https:\/\/www.laperlavalles.cat\/ca\/wp-json\/wp\/v2\/types\/product"}],"replies":[{"embeddable":true,"href":"https:\/\/www.laperlavalles.cat\/ca\/wp-json\/wp\/v2\/comments?post=190979"}],"wp:featuredmedia":[{"embeddable":true,"href":"https:\/\/www.laperlavalles.cat\/ca\/wp-json\/wp\/v2\/media\/190971"}],"wp:attachment":[{"href":"https:\/\/www.laperlavalles.cat\/ca\/wp-json\/wp\/v2\/media?parent=190979"}],"wp:term":[{"taxonomy":"product_cat","embeddable":true,"href":"https:\/\/www.laperlavalles.cat\/ca\/wp-json\/wp\/v2\/product_cat?post=190979"},{"taxonomy":"product_tag","embeddable":true,"href":"https:\/\/www.laperlavalles.cat\/ca\/wp-json\/wp\/v2\/product_tag?post=190979"}],"curies":[{"name":"wp","href":"https:\/\/api.w.org\/{rel}","templated":true}]}}