{"id":191059,"date":"2025-03-24T11:24:05","date_gmt":"2025-03-24T10:24:13","guid":{"rendered":"https:\/\/www.laperlavalles.cat\/product\/eco-style-rosemary-mint-oil-gel-16oz\/"},"modified":"2025-03-24T12:06:32","modified_gmt":"2025-03-24T11:06:32","slug":"eco-style-rosemary-mint-oil-gel-16oz","status":"publish","type":"product","link":"https:\/\/www.laperlavalles.cat\/ca\/producte\/eco-style-rosemary-mint-oil-gel-16oz\/","title":{"rendered":"ECO STYLE ROSEMARY MINT OIL GEL 16OZ"},"content":{"rendered":"<p>ECO STYLE Gel Oli Roman\u00ed &amp; Menta 16OZ \u2013 Un gel de fixaci\u00f3 amb olis de roman\u00ed i menta, que ofereix una fixaci\u00f3 duradora mentre nodreix i estimula el cuir cabellut.<\/p>\n","protected":false},"excerpt":{"rendered":"<p>ECO STYLE Gel Oli Roman\u00ed &amp; Menta 16OZ \u2013 Un gel de fixaci\u00f3 amb olis de roman\u00ed i menta, que ofereix una fixaci\u00f3 duradora mentre nodreix<span class=\"excerpt-hellip\"> [\u2026]<\/span><\/p>\n","protected":false},"featured_media":191051,"comment_status":"open","ping_status":"closed","template":"","meta":[],"product_cat":[8423,24329],"product_tag":[],"_links":{"self":[{"href":"https:\/\/www.laperlavalles.cat\/ca\/wp-json\/wp\/v2\/product\/191059"}],"collection":[{"href":"https:\/\/www.laperlavalles.cat\/ca\/wp-json\/wp\/v2\/product"}],"about":[{"href":"https:\/\/www.laperlavalles.cat\/ca\/wp-json\/wp\/v2\/types\/product"}],"replies":[{"embeddable":true,"href":"https:\/\/www.laperlavalles.cat\/ca\/wp-json\/wp\/v2\/comments?post=191059"}],"wp:featuredmedia":[{"embeddable":true,"href":"https:\/\/www.laperlavalles.cat\/ca\/wp-json\/wp\/v2\/media\/191051"}],"wp:attachment":[{"href":"https:\/\/www.laperlavalles.cat\/ca\/wp-json\/wp\/v2\/media?parent=191059"}],"wp:term":[{"taxonomy":"product_cat","embeddable":true,"href":"https:\/\/www.laperlavalles.cat\/ca\/wp-json\/wp\/v2\/product_cat?post=191059"},{"taxonomy":"product_tag","embeddable":true,"href":"https:\/\/www.laperlavalles.cat\/ca\/wp-json\/wp\/v2\/product_tag?post=191059"}],"curies":[{"name":"wp","href":"https:\/\/api.w.org\/{rel}","templated":true}]}}