{"id":191434,"date":"2025-03-25T13:11:39","date_gmt":"2025-03-25T12:11:46","guid":{"rendered":"https:\/\/www.laperlavalles.cat\/product\/vitals-olive-oil-antibreakage-neutral-xampu-8oz\/"},"modified":"2025-05-12T16:06:22","modified_gmt":"2025-05-12T14:06:22","slug":"vitals-olive-oil-antibreakage-neutral-xampu-8oz","status":"publish","type":"product","link":"https:\/\/www.laperlavalles.cat\/ca\/producte\/vitals-olive-oil-antibreakage-neutral-xampu-8oz\/","title":{"rendered":"VITALS OLIVE OIL ANTIBREAKAGE NEUTRAL. XAMP\u00da 8OZ"},"content":{"rendered":"<p>VITALE Olive Oil Anti-Breakage Neutralizing Shampoo \u00e9s un xamp\u00fa neutralitzant dissenyat per netejar profundament els cabells, eliminar residus de productes qu\u00edmics i prevenir la ruptura, enriquit amb oli d&#8217;oliva per enfortir, desenredar i hidratar els cabells, deixant-los suaus i manejables.<\/p>\n","protected":false},"excerpt":{"rendered":"<p>VITALE Olive Oil Anti-Breakage Neutralizing Shampoo \u00e9s un xamp\u00fa neutralitzant dissenyat per netejar profundament els cabells, eliminar residus de productes qu\u00edmics i prevenir la ruptura, enriquit<span class=\"excerpt-hellip\"> [\u2026]<\/span><\/p>\n","protected":false},"featured_media":191426,"comment_status":"open","ping_status":"closed","template":"","meta":[],"product_cat":[8423,24329],"product_tag":[],"_links":{"self":[{"href":"https:\/\/www.laperlavalles.cat\/ca\/wp-json\/wp\/v2\/product\/191434"}],"collection":[{"href":"https:\/\/www.laperlavalles.cat\/ca\/wp-json\/wp\/v2\/product"}],"about":[{"href":"https:\/\/www.laperlavalles.cat\/ca\/wp-json\/wp\/v2\/types\/product"}],"replies":[{"embeddable":true,"href":"https:\/\/www.laperlavalles.cat\/ca\/wp-json\/wp\/v2\/comments?post=191434"}],"wp:featuredmedia":[{"embeddable":true,"href":"https:\/\/www.laperlavalles.cat\/ca\/wp-json\/wp\/v2\/media\/191426"}],"wp:attachment":[{"href":"https:\/\/www.laperlavalles.cat\/ca\/wp-json\/wp\/v2\/media?parent=191434"}],"wp:term":[{"taxonomy":"product_cat","embeddable":true,"href":"https:\/\/www.laperlavalles.cat\/ca\/wp-json\/wp\/v2\/product_cat?post=191434"},{"taxonomy":"product_tag","embeddable":true,"href":"https:\/\/www.laperlavalles.cat\/ca\/wp-json\/wp\/v2\/product_tag?post=191434"}],"curies":[{"name":"wp","href":"https:\/\/api.w.org\/{rel}","templated":true}]}}