{"id":191514,"date":"2025-03-25T13:23:22","date_gmt":"2025-03-25T12:23:29","guid":{"rendered":"https:\/\/www.laperlavalles.cat\/product\/vitals-olive-oil-antibreakage-no-base-relaxer-superior-20oz\/"},"modified":"2025-05-12T16:04:27","modified_gmt":"2025-05-12T14:04:27","slug":"vitals-olive-oil-antibreakage-no-base-relaxer-superior-20oz","status":"publish","type":"product","link":"https:\/\/www.laperlavalles.cat\/ca\/producte\/vitals-olive-oil-antibreakage-no-base-relaxer-superior-20oz\/","title":{"rendered":"VITALS OLIVE OIL ANTIBREAKAGE NO BASE RELAXER SUPERIOR 20OZ"},"content":{"rendered":"<p>El Vitale Olive Oil Anti-Breakage No Base Relaxer Super 20oz \u00e9s un relaxant avan\u00e7at amb hidr\u00f3xid de sodi, enriquit amb oli d&#8217;oliva i mantega de karit\u00e9, dissenyat per allisar el cabell de manera suau i saludable. L&#8217;oli d&#8217;oliva proporciona una excel\u00b7lent condicionaci\u00f3 durant el proc\u00e9s de relaxaci\u00f3, mentre que la mantega de karit\u00e9 ajuda a enfortir el cabell i prevenir la ruptura.<\/p>\n","protected":false},"excerpt":{"rendered":"<p>El Vitale Olive Oil Anti-Breakage No Base Relaxer Super 20oz \u00e9s un relaxant avan\u00e7at amb hidr\u00f3xid de sodi, enriquit amb oli d&#8217;oliva i mantega de karit\u00e9,<span class=\"excerpt-hellip\"> [\u2026]<\/span><\/p>\n","protected":false},"featured_media":191506,"comment_status":"open","ping_status":"closed","template":"","meta":[],"product_cat":[8423,24329],"product_tag":[],"_links":{"self":[{"href":"https:\/\/www.laperlavalles.cat\/ca\/wp-json\/wp\/v2\/product\/191514"}],"collection":[{"href":"https:\/\/www.laperlavalles.cat\/ca\/wp-json\/wp\/v2\/product"}],"about":[{"href":"https:\/\/www.laperlavalles.cat\/ca\/wp-json\/wp\/v2\/types\/product"}],"replies":[{"embeddable":true,"href":"https:\/\/www.laperlavalles.cat\/ca\/wp-json\/wp\/v2\/comments?post=191514"}],"wp:featuredmedia":[{"embeddable":true,"href":"https:\/\/www.laperlavalles.cat\/ca\/wp-json\/wp\/v2\/media\/191506"}],"wp:attachment":[{"href":"https:\/\/www.laperlavalles.cat\/ca\/wp-json\/wp\/v2\/media?parent=191514"}],"wp:term":[{"taxonomy":"product_cat","embeddable":true,"href":"https:\/\/www.laperlavalles.cat\/ca\/wp-json\/wp\/v2\/product_cat?post=191514"},{"taxonomy":"product_tag","embeddable":true,"href":"https:\/\/www.laperlavalles.cat\/ca\/wp-json\/wp\/v2\/product_tag?post=191514"}],"curies":[{"name":"wp","href":"https:\/\/api.w.org\/{rel}","templated":true}]}}