{"id":191814,"date":"2025-03-26T09:40:40","date_gmt":"2025-03-26T08:40:48","guid":{"rendered":"https:\/\/www.laperlavalles.cat\/product\/vitals-olive-oil-antibreakage-no-base-relaxer-regular-20oz\/"},"modified":"2025-05-12T16:02:34","modified_gmt":"2025-05-12T14:02:34","slug":"vitals-olive-oil-antibreakage-no-base-relaxer-regular-20oz","status":"publish","type":"product","link":"https:\/\/www.laperlavalles.cat\/ca\/producte\/vitals-olive-oil-antibreakage-no-base-relaxer-regular-20oz\/","title":{"rendered":"VITALS OLIVE OIL ANTIBREAKAGE NO BASE RELAXER REGULAR 20OZ"},"content":{"rendered":"<p>El Vitale Olive Oil Anti-Breakage No Base Relaxer Regular 20oz \u00e9s un desrissador avan\u00e7at amb hidr\u00f3xid de sodi, enriquit amb oli d&#8217;oliva i mantega de karit\u00e9, dissenyat per allisar el cabell de manera suau i saludable, proporcionant una excel\u00b7lent condicionaci\u00f3 durant el proc\u00e9s de desrissat i ajudant a enfortir el cabell per prevenir la ruptura. ?<\/p>\n","protected":false},"excerpt":{"rendered":"<p>El Vitale Olive Oil Anti-Breakage No Base Relaxer Regular 20oz \u00e9s un desrissador avan\u00e7at amb hidr\u00f3xid de sodi, enriquit amb oli d&#8217;oliva i mantega de karit\u00e9,<span class=\"excerpt-hellip\"> [\u2026]<\/span><\/p>\n","protected":false},"featured_media":191806,"comment_status":"open","ping_status":"closed","template":"","meta":[],"product_cat":[8423,24329],"product_tag":[],"_links":{"self":[{"href":"https:\/\/www.laperlavalles.cat\/ca\/wp-json\/wp\/v2\/product\/191814"}],"collection":[{"href":"https:\/\/www.laperlavalles.cat\/ca\/wp-json\/wp\/v2\/product"}],"about":[{"href":"https:\/\/www.laperlavalles.cat\/ca\/wp-json\/wp\/v2\/types\/product"}],"replies":[{"embeddable":true,"href":"https:\/\/www.laperlavalles.cat\/ca\/wp-json\/wp\/v2\/comments?post=191814"}],"wp:featuredmedia":[{"embeddable":true,"href":"https:\/\/www.laperlavalles.cat\/ca\/wp-json\/wp\/v2\/media\/191806"}],"wp:attachment":[{"href":"https:\/\/www.laperlavalles.cat\/ca\/wp-json\/wp\/v2\/media?parent=191814"}],"wp:term":[{"taxonomy":"product_cat","embeddable":true,"href":"https:\/\/www.laperlavalles.cat\/ca\/wp-json\/wp\/v2\/product_cat?post=191814"},{"taxonomy":"product_tag","embeddable":true,"href":"https:\/\/www.laperlavalles.cat\/ca\/wp-json\/wp\/v2\/product_tag?post=191814"}],"curies":[{"name":"wp","href":"https:\/\/api.w.org\/{rel}","templated":true}]}}