{"id":192054,"date":"2025-04-30T08:20:39","date_gmt":"2025-04-30T06:20:46","guid":{"rendered":"https:\/\/www.laperlavalles.cat\/product\/vitals-olive-oil-hair-mayonnaise-8oz\/"},"modified":"2025-05-12T15:42:20","modified_gmt":"2025-05-12T13:42:20","slug":"vitals-olive-oil-hair-mayonnaise-8oz","status":"publish","type":"product","link":"https:\/\/www.laperlavalles.cat\/ca\/producte\/vitals-olive-oil-hair-mayonnaise-8oz\/","title":{"rendered":"VITALS OLIVE OIL HAIR MAYONNAISE 8OZ"},"content":{"rendered":"<p>Enriquida amb extractes bot\u00e0nics naturals, prote\u00efna de civada, prote\u00efnes d&#8217;ou, vitamines i oli d&#8217;oliva, aquesta maionesa capil\u00b7lar hidrata i condiciona profundament els cabells secs, danyats o sobretractats. Restaura la for\u00e7a, l&#8217;elasticitat i la brillantor, deixant el cabell suau, saludable i manejable.<\/p>\n","protected":false},"excerpt":{"rendered":"<p>Enriquida amb extractes bot\u00e0nics naturals, prote\u00efna de civada, prote\u00efnes d&#8217;ou, vitamines i oli d&#8217;oliva, aquesta maionesa capil\u00b7lar hidrata i condiciona profundament els cabells secs, danyats o<span class=\"excerpt-hellip\"> [\u2026]<\/span><\/p>\n","protected":false},"featured_media":192046,"comment_status":"open","ping_status":"closed","template":"","meta":[],"product_cat":[8423,24329],"product_tag":[],"_links":{"self":[{"href":"https:\/\/www.laperlavalles.cat\/ca\/wp-json\/wp\/v2\/product\/192054"}],"collection":[{"href":"https:\/\/www.laperlavalles.cat\/ca\/wp-json\/wp\/v2\/product"}],"about":[{"href":"https:\/\/www.laperlavalles.cat\/ca\/wp-json\/wp\/v2\/types\/product"}],"replies":[{"embeddable":true,"href":"https:\/\/www.laperlavalles.cat\/ca\/wp-json\/wp\/v2\/comments?post=192054"}],"wp:featuredmedia":[{"embeddable":true,"href":"https:\/\/www.laperlavalles.cat\/ca\/wp-json\/wp\/v2\/media\/192046"}],"wp:attachment":[{"href":"https:\/\/www.laperlavalles.cat\/ca\/wp-json\/wp\/v2\/media?parent=192054"}],"wp:term":[{"taxonomy":"product_cat","embeddable":true,"href":"https:\/\/www.laperlavalles.cat\/ca\/wp-json\/wp\/v2\/product_cat?post=192054"},{"taxonomy":"product_tag","embeddable":true,"href":"https:\/\/www.laperlavalles.cat\/ca\/wp-json\/wp\/v2\/product_tag?post=192054"}],"curies":[{"name":"wp","href":"https:\/\/api.w.org\/{rel}","templated":true}]}}