{"id":192294,"date":"2025-04-30T08:47:18","date_gmt":"2025-04-30T06:47:18","guid":{"rendered":"https:\/\/www.laperlavalles.cat\/product\/bibigo-salsa-de-pollastre-i-xai-hot-spicy-490g-2\/"},"modified":"2025-04-30T08:47:18","modified_gmt":"2025-04-30T06:47:18","slug":"bibigo-salsa-de-pollastre-i-xai-hot-spicy-490g-2","status":"publish","type":"product","link":"https:\/\/www.laperlavalles.cat\/ca\/producte\/bibigo-salsa-de-pollastre-i-xai-hot-spicy-490g-2\/","title":{"rendered":"BIBIGO SALSA DE POLLASTRE I XAI HOT &amp; SPICY 490G"},"content":{"rendered":"<p>La Bibigo Salsa de Pollastre i Xai Hot &amp; Spicy 490g \u00e9s una salsa coreana apassionant que combina la intensitat del pebre vermell amb una base d&#8217;oli d&#8217;oliva i fruites com la pera i la poma. Ideal per a plats de pollastre o xai a la graella, al wok o al forn, aporta un toc picant i sabor\u00f3s. Cont\u00e9 ingredients com salsa de soja, pasta de pebre vermell, all, ceba i esp\u00e8cies, amb un alt contingut de sucre i sal. No apte per a persones amb al\u00b7l\u00e8rgies al gluten o la soja.<\/p>\n","protected":false},"excerpt":{"rendered":"<p>La Bibigo Salsa de Pollastre i Xai Hot &amp; Spicy 490g \u00e9s una salsa coreana apassionant que combina la intensitat del pebre vermell amb una base<span class=\"excerpt-hellip\"> [\u2026]<\/span><\/p>\n","protected":false},"featured_media":192290,"comment_status":"open","ping_status":"closed","template":"","meta":[],"product_cat":[8411,8504],"product_tag":[],"_links":{"self":[{"href":"https:\/\/www.laperlavalles.cat\/ca\/wp-json\/wp\/v2\/product\/192294"}],"collection":[{"href":"https:\/\/www.laperlavalles.cat\/ca\/wp-json\/wp\/v2\/product"}],"about":[{"href":"https:\/\/www.laperlavalles.cat\/ca\/wp-json\/wp\/v2\/types\/product"}],"replies":[{"embeddable":true,"href":"https:\/\/www.laperlavalles.cat\/ca\/wp-json\/wp\/v2\/comments?post=192294"}],"wp:featuredmedia":[{"embeddable":true,"href":"https:\/\/www.laperlavalles.cat\/ca\/wp-json\/wp\/v2\/media\/192290"}],"wp:attachment":[{"href":"https:\/\/www.laperlavalles.cat\/ca\/wp-json\/wp\/v2\/media?parent=192294"}],"wp:term":[{"taxonomy":"product_cat","embeddable":true,"href":"https:\/\/www.laperlavalles.cat\/ca\/wp-json\/wp\/v2\/product_cat?post=192294"},{"taxonomy":"product_tag","embeddable":true,"href":"https:\/\/www.laperlavalles.cat\/ca\/wp-json\/wp\/v2\/product_tag?post=192294"}],"curies":[{"name":"wp","href":"https:\/\/api.w.org\/{rel}","templated":true}]}}