{"id":192404,"date":"2025-04-30T09:16:31","date_gmt":"2025-04-30T07:16:31","guid":{"rendered":"https:\/\/www.laperlavalles.cat\/product\/bibigo-salsa-coreana-bulgogi-suau-i-dolca-500g-5\/"},"modified":"2025-04-30T09:16:31","modified_gmt":"2025-04-30T07:16:31","slug":"bibigo-salsa-coreana-bulgogi-suau-i-dolca-500g-5","status":"publish","type":"product","link":"https:\/\/www.laperlavalles.cat\/ca\/producte\/bibigo-salsa-coreana-bulgogi-suau-i-dolca-500g-5\/","title":{"rendered":"BIBIGO SALSA COREANA BULGOGI SUAU I DOL\u00c7A 500G"},"content":{"rendered":"<p>La Bibigo Salsa Coreana Bulgogi Suau i Dol\u00e7a \u00e9s una marinada coreana suau i dol\u00e7a, perfecta per a carn de vedella, porc o pollastre. Compta amb un sabor equilibrat gr\u00e0cies a la combinaci\u00f3 de salsa de soja i pur\u00e9s de pera, poma i pinya.<\/p>\n","protected":false},"excerpt":{"rendered":"<p>La Bibigo Salsa Coreana Bulgogi Suau i Dol\u00e7a \u00e9s una marinada coreana suau i dol\u00e7a, perfecta per a carn de vedella, porc o pollastre. Compta amb<span class=\"excerpt-hellip\"> [\u2026]<\/span><\/p>\n","protected":false},"featured_media":192400,"comment_status":"open","ping_status":"closed","template":"","meta":[],"product_cat":[8411,8504],"product_tag":[],"_links":{"self":[{"href":"https:\/\/www.laperlavalles.cat\/ca\/wp-json\/wp\/v2\/product\/192404"}],"collection":[{"href":"https:\/\/www.laperlavalles.cat\/ca\/wp-json\/wp\/v2\/product"}],"about":[{"href":"https:\/\/www.laperlavalles.cat\/ca\/wp-json\/wp\/v2\/types\/product"}],"replies":[{"embeddable":true,"href":"https:\/\/www.laperlavalles.cat\/ca\/wp-json\/wp\/v2\/comments?post=192404"}],"wp:featuredmedia":[{"embeddable":true,"href":"https:\/\/www.laperlavalles.cat\/ca\/wp-json\/wp\/v2\/media\/192400"}],"wp:attachment":[{"href":"https:\/\/www.laperlavalles.cat\/ca\/wp-json\/wp\/v2\/media?parent=192404"}],"wp:term":[{"taxonomy":"product_cat","embeddable":true,"href":"https:\/\/www.laperlavalles.cat\/ca\/wp-json\/wp\/v2\/product_cat?post=192404"},{"taxonomy":"product_tag","embeddable":true,"href":"https:\/\/www.laperlavalles.cat\/ca\/wp-json\/wp\/v2\/product_tag?post=192404"}],"curies":[{"name":"wp","href":"https:\/\/api.w.org\/{rel}","templated":true}]}}