{"id":192579,"date":"2025-04-30T09:40:42","date_gmt":"2025-04-30T07:40:49","guid":{"rendered":"https:\/\/www.laperlavalles.cat\/product\/bibigo-gyoza-de-vedella-bulgogi-congelat-600g\/"},"modified":"2026-03-27T11:21:04","modified_gmt":"2026-03-27T10:21:04","slug":"bibigo-gyoza-de-vedella-bulgogi-congelat-600g","status":"publish","type":"product","link":"https:\/\/www.laperlavalles.cat\/ca\/producte\/bibigo-gyoza-de-vedella-bulgogi-congelat-600g\/","title":{"rendered":"BIBIGO GYOZA DE VEDELLA BULGOGI CONGELAT 600G"},"content":{"rendered":"<p>Les Bibigo Gyoza de Vedella Bulgogi Congelades 600g s\u00f3n mandus coreans farcits de vedella marinada amb salsa de soja dol\u00e7a i salada, combinada amb verdures fresques com ceba tendra, col i pastanaga. El seu sabor aut\u00e8ntic i textura cruixent les fan ideals per fregir, cuinar al vapor o a la planxa.<\/p>\n","protected":false},"excerpt":{"rendered":"<p>Les Bibigo Gyoza de Vedella Bulgogi Congelades 600g s\u00f3n mandus coreans farcits de vedella marinada amb salsa de soja dol\u00e7a i salada, combinada amb verdures fresques<span class=\"excerpt-hellip\"> [\u2026]<\/span><\/p>\n","protected":false},"featured_media":192571,"comment_status":"open","ping_status":"closed","template":"","meta":[],"product_cat":[8411],"product_tag":[],"_links":{"self":[{"href":"https:\/\/www.laperlavalles.cat\/ca\/wp-json\/wp\/v2\/product\/192579"}],"collection":[{"href":"https:\/\/www.laperlavalles.cat\/ca\/wp-json\/wp\/v2\/product"}],"about":[{"href":"https:\/\/www.laperlavalles.cat\/ca\/wp-json\/wp\/v2\/types\/product"}],"replies":[{"embeddable":true,"href":"https:\/\/www.laperlavalles.cat\/ca\/wp-json\/wp\/v2\/comments?post=192579"}],"wp:featuredmedia":[{"embeddable":true,"href":"https:\/\/www.laperlavalles.cat\/ca\/wp-json\/wp\/v2\/media\/192571"}],"wp:attachment":[{"href":"https:\/\/www.laperlavalles.cat\/ca\/wp-json\/wp\/v2\/media?parent=192579"}],"wp:term":[{"taxonomy":"product_cat","embeddable":true,"href":"https:\/\/www.laperlavalles.cat\/ca\/wp-json\/wp\/v2\/product_cat?post=192579"},{"taxonomy":"product_tag","embeddable":true,"href":"https:\/\/www.laperlavalles.cat\/ca\/wp-json\/wp\/v2\/product_tag?post=192579"}],"curies":[{"name":"wp","href":"https:\/\/api.w.org\/{rel}","templated":true}]}}