{"id":192894,"date":"2025-04-30T10:10:29","date_gmt":"2025-04-30T08:10:36","guid":{"rendered":"https:\/\/www.laperlavalles.cat\/product\/bibigo-gyoza-de-gambes-i-verdures-congelat-400g\/"},"modified":"2026-03-27T11:51:08","modified_gmt":"2026-03-27T10:51:08","slug":"bibigo-gyoza-de-gambes-i-verdures-congelat-400g","status":"publish","type":"product","link":"https:\/\/www.laperlavalles.cat\/ca\/producte\/bibigo-gyoza-de-gambes-i-verdures-congelat-400g\/","title":{"rendered":"BIBIGO GYOZA DE GAMBES I VERDURES CONGELAT 400G"},"content":{"rendered":"<p>Les Bibigo Gyoza de Gambes i Verdures Congelades 400g s\u00f3n mandus coreans farcits amb una combinaci\u00f3 suculenta de gambes i verdures fresques com col, pastanaga, mongeta verda i ceba. El seu embolcall fi i cruixent, elaborat amb ingredients naturals sense colorants ni conservants artificials, ofereix una experi\u00e8ncia gastron\u00f2mica aut\u00e8ntica. Ideals per fregir, cuinar al vapor o a la planxa, aquestes gyoza s\u00f3n perfectes com a plat principal, acompanyament o aperitiu.<\/p>\n","protected":false},"excerpt":{"rendered":"<p>Les Bibigo Gyoza de Gambes i Verdures Congelades 400g s\u00f3n mandus coreans farcits amb una combinaci\u00f3 suculenta de gambes i verdures fresques com col, pastanaga, mongeta<span class=\"excerpt-hellip\"> [\u2026]<\/span><\/p>\n","protected":false},"featured_media":192886,"comment_status":"open","ping_status":"closed","template":"","meta":[],"product_cat":[8411],"product_tag":[],"_links":{"self":[{"href":"https:\/\/www.laperlavalles.cat\/ca\/wp-json\/wp\/v2\/product\/192894"}],"collection":[{"href":"https:\/\/www.laperlavalles.cat\/ca\/wp-json\/wp\/v2\/product"}],"about":[{"href":"https:\/\/www.laperlavalles.cat\/ca\/wp-json\/wp\/v2\/types\/product"}],"replies":[{"embeddable":true,"href":"https:\/\/www.laperlavalles.cat\/ca\/wp-json\/wp\/v2\/comments?post=192894"}],"wp:featuredmedia":[{"embeddable":true,"href":"https:\/\/www.laperlavalles.cat\/ca\/wp-json\/wp\/v2\/media\/192886"}],"wp:attachment":[{"href":"https:\/\/www.laperlavalles.cat\/ca\/wp-json\/wp\/v2\/media?parent=192894"}],"wp:term":[{"taxonomy":"product_cat","embeddable":true,"href":"https:\/\/www.laperlavalles.cat\/ca\/wp-json\/wp\/v2\/product_cat?post=192894"},{"taxonomy":"product_tag","embeddable":true,"href":"https:\/\/www.laperlavalles.cat\/ca\/wp-json\/wp\/v2\/product_tag?post=192894"}],"curies":[{"name":"wp","href":"https:\/\/api.w.org\/{rel}","templated":true}]}}