{"id":192929,"date":"2025-04-30T10:12:56","date_gmt":"2025-04-30T08:12:56","guid":{"rendered":"https:\/\/www.laperlavalles.cat\/product\/bibigo-gyoza-de-tofu-i-verdures-congelat-600g-2\/"},"modified":"2025-04-30T10:12:56","modified_gmt":"2025-04-30T08:12:56","slug":"bibigo-gyoza-de-tofu-i-verdures-congelat-600g-2","status":"publish","type":"product","link":"https:\/\/www.laperlavalles.cat\/ca\/producte\/bibigo-gyoza-de-tofu-i-verdures-congelat-600g-2\/","title":{"rendered":"BIBIGO GYOZA DE TOFU I VERDURES CONGELAT 600G"},"content":{"rendered":"<p>Les Bibigo Gyoza de Tofu i Verdures Congelades 600g s\u00f3n mandus coreans farcits amb una combinaci\u00f3 equilibrada de tofu suau i verdures fresques com col, pastanaga, ceba, espinacs i ceba tendra. El seu embolcall fi i cruixent, elaborat amb ingredients naturals sense colorants ni conservants artificials, ofereix una experi\u00e8ncia gastron\u00f2mica aut\u00e8ntica. Ideals per fregir, cuinar al vapor o a la planxa, aquestes gyoza s\u00f3n perfectes com a plat principal, acompanyament o aperitiu.<\/p>\n","protected":false},"excerpt":{"rendered":"<p>Les Bibigo Gyoza de Tofu i Verdures Congelades 600g s\u00f3n mandus coreans farcits amb una combinaci\u00f3 equilibrada de tofu suau i verdures fresques com col, pastanaga,<span class=\"excerpt-hellip\"> [\u2026]<\/span><\/p>\n","protected":false},"featured_media":192925,"comment_status":"open","ping_status":"closed","template":"","meta":[],"product_cat":[8506,8411],"product_tag":[],"_links":{"self":[{"href":"https:\/\/www.laperlavalles.cat\/ca\/wp-json\/wp\/v2\/product\/192929"}],"collection":[{"href":"https:\/\/www.laperlavalles.cat\/ca\/wp-json\/wp\/v2\/product"}],"about":[{"href":"https:\/\/www.laperlavalles.cat\/ca\/wp-json\/wp\/v2\/types\/product"}],"replies":[{"embeddable":true,"href":"https:\/\/www.laperlavalles.cat\/ca\/wp-json\/wp\/v2\/comments?post=192929"}],"wp:featuredmedia":[{"embeddable":true,"href":"https:\/\/www.laperlavalles.cat\/ca\/wp-json\/wp\/v2\/media\/192925"}],"wp:attachment":[{"href":"https:\/\/www.laperlavalles.cat\/ca\/wp-json\/wp\/v2\/media?parent=192929"}],"wp:term":[{"taxonomy":"product_cat","embeddable":true,"href":"https:\/\/www.laperlavalles.cat\/ca\/wp-json\/wp\/v2\/product_cat?post=192929"},{"taxonomy":"product_tag","embeddable":true,"href":"https:\/\/www.laperlavalles.cat\/ca\/wp-json\/wp\/v2\/product_tag?post=192929"}],"curies":[{"name":"wp","href":"https:\/\/api.w.org\/{rel}","templated":true}]}}