{"id":193409,"date":"2025-04-30T10:58:02","date_gmt":"2025-04-30T08:58:02","guid":{"rendered":"https:\/\/www.laperlavalles.cat\/product\/dumpling-al-vapor-pollastre-vegetal-560g-bibigo-congelat-7\/"},"modified":"2025-04-30T10:58:02","modified_gmt":"2025-04-30T08:58:02","slug":"dumpling-al-vapor-pollastre-vegetal-560g-bibigo-congelat-7","status":"publish","type":"product","link":"https:\/\/www.laperlavalles.cat\/ca\/producte\/dumpling-al-vapor-pollastre-vegetal-560g-bibigo-congelat-7\/","title":{"rendered":"DUMPLING AL VAPOR POLLASTRE &amp; VEGETAL 560G BIBIGO CONGELAT"},"content":{"rendered":"<p>Els Dumplings al Vapor Pollastre i Verdura 560g Bibigo Congelat s\u00f3n mandus coreans farcits amb una combinaci\u00f3 de carn de pollastre i verdures com col, ceba, cebolleta, all i tofu. La seva massa fina i suau es cou al vapor, oferint una textura delicada i un sabor aut\u00e8ntic. Ideals per a una preparaci\u00f3 r\u00e0pida al vapor o a la paella, aquestes gyoza s\u00f3n perfectes com a plat principal, acompanyament o aperitiu<\/p>\n","protected":false},"excerpt":{"rendered":"<p>Els Dumplings al Vapor Pollastre i Verdura 560g Bibigo Congelat s\u00f3n mandus coreans farcits amb una combinaci\u00f3 de carn de pollastre i verdures com col, ceba,<span class=\"excerpt-hellip\"> [\u2026]<\/span><\/p>\n","protected":false},"featured_media":193405,"comment_status":"open","ping_status":"closed","template":"","meta":[],"product_cat":[8506,8411],"product_tag":[],"_links":{"self":[{"href":"https:\/\/www.laperlavalles.cat\/ca\/wp-json\/wp\/v2\/product\/193409"}],"collection":[{"href":"https:\/\/www.laperlavalles.cat\/ca\/wp-json\/wp\/v2\/product"}],"about":[{"href":"https:\/\/www.laperlavalles.cat\/ca\/wp-json\/wp\/v2\/types\/product"}],"replies":[{"embeddable":true,"href":"https:\/\/www.laperlavalles.cat\/ca\/wp-json\/wp\/v2\/comments?post=193409"}],"wp:featuredmedia":[{"embeddable":true,"href":"https:\/\/www.laperlavalles.cat\/ca\/wp-json\/wp\/v2\/media\/193405"}],"wp:attachment":[{"href":"https:\/\/www.laperlavalles.cat\/ca\/wp-json\/wp\/v2\/media?parent=193409"}],"wp:term":[{"taxonomy":"product_cat","embeddable":true,"href":"https:\/\/www.laperlavalles.cat\/ca\/wp-json\/wp\/v2\/product_cat?post=193409"},{"taxonomy":"product_tag","embeddable":true,"href":"https:\/\/www.laperlavalles.cat\/ca\/wp-json\/wp\/v2\/product_tag?post=193409"}],"curies":[{"name":"wp","href":"https:\/\/api.w.org\/{rel}","templated":true}]}}