{"id":193539,"date":"2025-04-30T11:08:15","date_gmt":"2025-04-30T09:08:15","guid":{"rendered":"https:\/\/www.laperlavalles.cat\/product\/snacks-cruixents-dalgues-3x5g-bibigo-6\/"},"modified":"2025-04-30T11:08:15","modified_gmt":"2025-04-30T09:08:15","slug":"snacks-cruixents-dalgues-3x5g-bibigo-6","status":"publish","type":"product","link":"https:\/\/www.laperlavalles.cat\/ca\/producte\/snacks-cruixents-dalgues-3x5g-bibigo-6\/","title":{"rendered":"SNACKS CRUIXENTS D&#8217;ALGUES (3X5G) BIBIGO"},"content":{"rendered":"<p>Els Snacks Cruixents d&#8217;Algues (3x5g) Bibigo s\u00f3n l\u00e0mines d&#8217;algues rostides i cruixents, condimentades amb oli de s\u00e8sam per a un sabor intens i nutritiu. Ideals com a aperitiu saludable o per afegir un toc cruixent als teus plats preferits<\/p>\n","protected":false},"excerpt":{"rendered":"<p>Els Snacks Cruixents d&#8217;Algues (3x5g) Bibigo s\u00f3n l\u00e0mines d&#8217;algues rostides i cruixents, condimentades amb oli de s\u00e8sam per a un sabor intens i nutritiu. Ideals com<span class=\"excerpt-hellip\"> [\u2026]<\/span><\/p>\n","protected":false},"featured_media":193535,"comment_status":"open","ping_status":"closed","template":"","meta":[],"product_cat":[8407,8512],"product_tag":[],"_links":{"self":[{"href":"https:\/\/www.laperlavalles.cat\/ca\/wp-json\/wp\/v2\/product\/193539"}],"collection":[{"href":"https:\/\/www.laperlavalles.cat\/ca\/wp-json\/wp\/v2\/product"}],"about":[{"href":"https:\/\/www.laperlavalles.cat\/ca\/wp-json\/wp\/v2\/types\/product"}],"replies":[{"embeddable":true,"href":"https:\/\/www.laperlavalles.cat\/ca\/wp-json\/wp\/v2\/comments?post=193539"}],"wp:featuredmedia":[{"embeddable":true,"href":"https:\/\/www.laperlavalles.cat\/ca\/wp-json\/wp\/v2\/media\/193535"}],"wp:attachment":[{"href":"https:\/\/www.laperlavalles.cat\/ca\/wp-json\/wp\/v2\/media?parent=193539"}],"wp:term":[{"taxonomy":"product_cat","embeddable":true,"href":"https:\/\/www.laperlavalles.cat\/ca\/wp-json\/wp\/v2\/product_cat?post=193539"},{"taxonomy":"product_tag","embeddable":true,"href":"https:\/\/www.laperlavalles.cat\/ca\/wp-json\/wp\/v2\/product_tag?post=193539"}],"curies":[{"name":"wp","href":"https:\/\/api.w.org\/{rel}","templated":true}]}}