{"id":193998,"date":"2025-04-30T11:39:00","date_gmt":"2025-04-30T09:39:08","guid":{"rendered":"https:\/\/www.laperlavalles.cat\/product\/flakes-dalgues-torrades-amb-salsa-de-soja-50g-bibigo\/"},"modified":"2025-04-30T15:40:24","modified_gmt":"2025-04-30T13:40:24","slug":"flakes-dalgues-torrades-amb-salsa-de-soja-50g-bibigo","status":"publish","type":"product","link":"https:\/\/www.laperlavalles.cat\/ca\/producte\/flakes-dalgues-torrades-amb-salsa-de-soja-50g-bibigo\/","title":{"rendered":"FLAKES D&#8217;ALGUES TORRADES AMB SALSA DE SOJA 50G BIBIGO"},"content":{"rendered":"<p>Els Flocs d&#8217;Algues Torrades amb Salsa de Soja 50g Bibigo s\u00f3n algues coreanes rostides i esmicolades, condimentades amb salsa de soja i oli de s\u00e8sam. Perfectes per acompanyar arr\u00f2s, sopes o amanides.<\/p>\n","protected":false},"excerpt":{"rendered":"<p>Els Flocs d&#8217;Algues Torrades amb Salsa de Soja 50g Bibigo s\u00f3n algues coreanes rostides i esmicolades, condimentades amb salsa de soja i oli de s\u00e8sam. Perfectes<span class=\"excerpt-hellip\"> [\u2026]<\/span><\/p>\n","protected":false},"featured_media":193990,"comment_status":"open","ping_status":"closed","template":"","meta":[],"product_cat":[8506,8411],"product_tag":[],"_links":{"self":[{"href":"https:\/\/www.laperlavalles.cat\/ca\/wp-json\/wp\/v2\/product\/193998"}],"collection":[{"href":"https:\/\/www.laperlavalles.cat\/ca\/wp-json\/wp\/v2\/product"}],"about":[{"href":"https:\/\/www.laperlavalles.cat\/ca\/wp-json\/wp\/v2\/types\/product"}],"replies":[{"embeddable":true,"href":"https:\/\/www.laperlavalles.cat\/ca\/wp-json\/wp\/v2\/comments?post=193998"}],"wp:featuredmedia":[{"embeddable":true,"href":"https:\/\/www.laperlavalles.cat\/ca\/wp-json\/wp\/v2\/media\/193990"}],"wp:attachment":[{"href":"https:\/\/www.laperlavalles.cat\/ca\/wp-json\/wp\/v2\/media?parent=193998"}],"wp:term":[{"taxonomy":"product_cat","embeddable":true,"href":"https:\/\/www.laperlavalles.cat\/ca\/wp-json\/wp\/v2\/product_cat?post=193998"},{"taxonomy":"product_tag","embeddable":true,"href":"https:\/\/www.laperlavalles.cat\/ca\/wp-json\/wp\/v2\/product_tag?post=193998"}],"curies":[{"name":"wp","href":"https:\/\/api.w.org\/{rel}","templated":true}]}}